{"id":206,"date":"2014-10-08T17:50:06","date_gmt":"2014-10-08T17:50:06","guid":{"rendered":"https:\/\/auditoria.usac.edu.gt\/?page_id=206"},"modified":"2018-10-08T16:33:45","modified_gmt":"2018-10-08T16:33:45","slug":"contabilidad","status":"publish","type":"page","link":"https:\/\/auditoria.usac.edu.gt\/?page_id=206","title":{"rendered":"Departamento de Contabilidad"},"content":{"rendered":"<h3><span style=\"font-size: 1.142857143rem; line-height: 1.846153846;\">\u00a01. Circulares<\/span><\/h3>\n<p><a href=\"https:\/\/auditoria.usac.edu.gt\/wp-content\/uploads\/2014\/10\/Conta-1-2008.pdf\">Conta 1-2008 Liquidaci\u00f3n de documentos pendientes y copias celestes de cheques voucher<\/a><\/p>\n<p><a href=\"https:\/\/auditoria.usac.edu.gt\/wp-content\/uploads\/2014\/10\/Conta-5-2008.pdf\">Conta 5-2008 Ultima fechas de cierre 2008<\/a><\/p>\n<p><a href=\"https:\/\/auditoria.usac.edu.gt\/wp-content\/uploads\/2014\/10\/Conta-2-2009.pdf\">Conta 2-2009 Liquidaci\u00f3n de gastos a\u00f1os anteriores al 2009\u00a0<\/a><\/p>\n<p><a href=\"https:\/\/auditoria.usac.edu.gt\/wp-content\/uploads\/2014\/10\/Conta-3-2009.pdf\">Conta 3-2009 Firmas en fondos fijos y solicitud de compra<\/a><\/p>\n<p><a href=\"https:\/\/auditoria.usac.edu.gt\/wp-content\/uploads\/2014\/10\/Conta-4-2009.pdf\">Conta 4-2009 R\u00e9gimen ISR decreto 18-2004<\/a><\/p>\n<p><a href=\"https:\/\/auditoria.usac.edu.gt\/wp-content\/uploads\/2014\/10\/Conta-6-2009.pdf\">Conta 6-2009 fecha limite para pagar gastos a\u00f1os anteriores al 2009<\/a><\/p>\n<p><a href=\"https:\/\/auditoria.usac.edu.gt\/wp-content\/uploads\/2014\/10\/Conta-7-2009.pdf\">Conta 7-200 Requerimiento informaci\u00f3n Veh\u00edculos de la USAC<\/a><\/p>\n<p><a href=\"https:\/\/auditoria.usac.edu.gt\/wp-content\/uploads\/2014\/10\/Conta-8-2009.pdf\">Conta 8-2009 Informaci\u00f3n de retenciones ISR al depto. de contabilidad<\/a><\/p>\n<p><a href=\"https:\/\/auditoria.usac.edu.gt\/wp-content\/uploads\/2014\/10\/Conta-11-2009.pdf\">Conta 11-2009 Proceso retenci\u00f3n ISR<\/a><\/p>\n<p><a href=\"https:\/\/auditoria.usac.edu.gt\/wp-content\/uploads\/2014\/10\/Conta-13-2009.pdf\">Conta 13-2009 Cumplimiento de procedimiento retenci\u00f3n ISR<\/a><\/p>\n<p><a href=\"https:\/\/auditoria.usac.edu.gt\/wp-content\/uploads\/2014\/10\/Conta-14-2009.pdf\">Conta 14-2009 Retenci\u00f3n ISR fondos privativos y otros<\/a><\/p>\n<p><a href=\"https:\/\/auditoria.usac.edu.gt\/wp-content\/uploads\/2014\/10\/Conta-15-2009.pdf\">Conta 15-2009 Retenci\u00f3n ISR examinadores de p\u00fablicos y privados y gastos de representaci\u00f3n<\/a><\/p>\n<p><a href=\"https:\/\/auditoria.usac.edu.gt\/wp-content\/uploads\/2014\/10\/Conta-16-2009.pdf\">Conta 16-2009 Retenci\u00f3n ISR examinadores de p\u00fablicos y privados<\/a><\/p>\n<p><a href=\"https:\/\/auditoria.usac.edu.gt\/wp-content\/uploads\/2014\/10\/Conta-1-2010.pdf\">Conta 1-2010 Suspensi\u00f3n de la circular 16-2009 retenci\u00f3n ISR a examinadores p\u00fablicos y privados<\/a><\/p>\n<p><a href=\"https:\/\/auditoria.usac.edu.gt\/wp-content\/uploads\/2014\/10\/Conta-2-2010.pdf\">Conta 2-2010 Facturas a nombre del beneficiario de las ayudas econ\u00f3micas no de la USAC<\/a><\/p>\n<p><a href=\"https:\/\/auditoria.usac.edu.gt\/wp-content\/uploads\/2014\/10\/Conta-3-2010.pdf\">Conta 3-2010 Liquidaci\u00f3n de gastos a\u00f1os anteriores antes del 2010<\/a><\/p>\n<p><a href=\"https:\/\/auditoria.usac.edu.gt\/wp-content\/uploads\/2014\/10\/Conta-4-2011.pdf\">Conta 4-2011 Reintegros \u00a0fondo fijo y documento Pendiente con recibo 101-C<\/a><\/p>\n<p><a href=\"https:\/\/auditoria.usac.edu.gt\/wp-content\/uploads\/2014\/10\/Conta-1-2012.pdf\">Conta 1-2012 Disposiciones para el fortalecimiento del sistema tributario decreto 4-2012<\/a><\/p>\n<p><a href=\"https:\/\/auditoria.usac.edu.gt\/wp-content\/uploads\/2014\/10\/Conta-4-2012.pdf\">Conta 4-2012 Suspensi\u00f3n ce la circular 4-2011 reintegros por deposito<\/a><\/p>\n<p><a href=\"https:\/\/auditoria.usac.edu.gt\/wp-content\/uploads\/2014\/10\/Circular-No.D.C.002-2013-ALIC.-Fredy.pdf\">Conta 02-2013 Emisi\u00f3n, pago, consolidaci\u00f3n y registro retenciones ISR R\u00e9gimen opcional simplificado<\/a><\/p>\n<p><a href=\"https:\/\/auditoria.usac.edu.gt\/wp-content\/uploads\/2018\/10\/DC.-No.-01-2018-Conciliaci\u00f3n-Bienes-Inventariables.pdf\">DC. No. 01-2018 Conciliaci\u00f3n Bienes Inventariables<\/a><\/p>\n<h3><span style=\"font-size: 1.142857143rem; line-height: 1.846153846;\">2. Referencias<\/span><\/h3>\n<p><a href=\"https:\/\/auditoria.usac.edu.gt\/wp-content\/uploads\/2014\/10\/Conta-261-93.pdf\">Conta 261-93 Documentos sin tachaduras<\/a><\/p>\n<p><a style=\"line-height: 1.714285714; font-size: 1rem;\" href=\"https:\/\/auditoria.usac.edu.gt\/wp-content\/uploads\/2014\/10\/Conta-279-2009.pdf\">Conta 279-2009 Instrucciones para el registro de pagos de a\u00f1os anteriores<\/a><\/p>\n<p><a href=\"https:\/\/auditoria.usac.edu.gt\/wp-content\/uploads\/2014\/10\/Conta-447-2009.pdf\">Conta 447-2009 instrucciones para el proceso de retenci\u00f3n \u00a0ISR Plan de Prestaciones<\/a><\/p>\n<p><a href=\"https:\/\/auditoria.usac.edu.gt\/wp-content\/uploads\/2014\/10\/Conta-517-2009.pdf\">Conta 517-2009 Instrucciones para el proceso de retenci\u00f3n ISR<\/a><\/p>\n<p><a href=\"https:\/\/auditoria.usac.edu.gt\/wp-content\/uploads\/2014\/10\/Conta-550-2009.pdf\">Conta 550-2009 Instrucciones para retenciones ISR facturas especiales<\/a><\/p>\n<p><a href=\"https:\/\/auditoria.usac.edu.gt\/wp-content\/uploads\/2014\/10\/REF.-D.C.-0287-2016-Autorizaci\u00f3n-para-uso-vehiculos-particulares.pdf\" rel=\"\">REF. D.C. 0287-2016 Autorizaci\u00f3n para uso vehiculos particulares<\/a><\/p>\n<h3>3. Manuales y Procedimientos<\/h3>\n<p><a href=\"https:\/\/auditoria.usac.edu.gt\/wp-content\/uploads\/2014\/10\/MANUAL-CONTABLE-USAC.pdf\">Manual Contable USAC<\/a><\/p>\n<p><a href=\"https:\/\/auditoria.usac.edu.gt\/wp-content\/uploads\/2014\/10\/Conta-Retenisr.pdf\">Procedimiento RetenISR<\/a><\/p>\n","protected":false},"excerpt":{"rendered":"<p>\u00a01. Circulares Conta 1-2008 Liquidaci\u00f3n de documentos pendientes y copias celestes de cheques voucher Conta 5-2008 Ultima fechas de cierre 2008 Conta 2-2009 Liquidaci\u00f3n de gastos a\u00f1os anteriores al 2009\u00a0 Conta 3-2009 Firmas en fondos fijos y solicitud de compra<\/p>\n","protected":false},"author":3,"featured_media":0,"parent":14,"menu_order":7,"comment_status":"open","ping_status":"closed","template":"","meta":{"footnotes":""},"class_list":["post-206","page","type-page","status-publish","hentry"],"_links":{"self":[{"href":"https:\/\/auditoria.usac.edu.gt\/index.php?rest_route=\/wp\/v2\/pages\/206","targetHints":{"allow":["GET"]}}],"collection":[{"href":"https:\/\/auditoria.usac.edu.gt\/index.php?rest_route=\/wp\/v2\/pages"}],"about":[{"href":"https:\/\/auditoria.usac.edu.gt\/index.php?rest_route=\/wp\/v2\/types\/page"}],"author":[{"embeddable":true,"href":"https:\/\/auditoria.usac.edu.gt\/index.php?rest_route=\/wp\/v2\/users\/3"}],"replies":[{"embeddable":true,"href":"https:\/\/auditoria.usac.edu.gt\/index.php?rest_route=%2Fwp%2Fv2%2Fcomments&post=206"}],"version-history":[{"count":16,"href":"https:\/\/auditoria.usac.edu.gt\/index.php?rest_route=\/wp\/v2\/pages\/206\/revisions"}],"predecessor-version":[{"id":1771,"href":"https:\/\/auditoria.usac.edu.gt\/index.php?rest_route=\/wp\/v2\/pages\/206\/revisions\/1771"}],"up":[{"embeddable":true,"href":"https:\/\/auditoria.usac.edu.gt\/index.php?rest_route=\/wp\/v2\/pages\/14"}],"wp:attachment":[{"href":"https:\/\/auditoria.usac.edu.gt\/index.php?rest_route=%2Fwp%2Fv2%2Fmedia&parent=206"}],"curies":[{"name":"wp","href":"https:\/\/api.w.org\/{rel}","templated":true}]}}