{"id":245,"date":"2014-10-08T20:40:36","date_gmt":"2014-10-08T20:40:36","guid":{"rendered":"https:\/\/auditoria.usac.edu.gt\/?page_id=245"},"modified":"2019-07-26T16:58:09","modified_gmt":"2019-07-26T16:58:09","slug":"division-administracion-de-recursos-humanos","status":"publish","type":"page","link":"https:\/\/auditoria.usac.edu.gt\/?page_id=245","title":{"rendered":"Divisi\u00f3n Administraci\u00f3n de Recursos Humanos"},"content":{"rendered":"<h3>1. Circulares<\/h3>\n<p><a href=\"https:\/\/auditoria.usac.edu.gt\/wp-content\/uploads\/2014\/10\/Circulares-Varios-de-1988.pdf\">DARH Circulares varias de 1988 al 2004<\/a><\/p>\n<p><a href=\"https:\/\/auditoria.usac.edu.gt\/wp-content\/uploads\/2014\/10\/DARH-5-1995.pdf\">DARH 5-1995 Procedimiento de despidos<\/a><\/p>\n<p><a href=\"https:\/\/auditoria.usac.edu.gt\/wp-content\/uploads\/2014\/10\/DARH-25-1998.pdf\">DARH 25-1998 Inasistencia de trabajadores por motivos de enfermedad<\/a>\u00a0*derogada fue sustituida por la DAP-032-2003<\/p>\n<p><a href=\"https:\/\/auditoria.usac.edu.gt\/wp-content\/uploads\/2014\/10\/DARH-36-2001.pdf\">DARH 36-2001 Procedimiento para promociones docentes<\/a><\/p>\n<p><a href=\"https:\/\/auditoria.usac.edu.gt\/wp-content\/uploads\/2014\/10\/DAP-032-2003-Inasistencia-de-Trabajadores-por-motivo-de-enfermedad.pdf\">DAP-032-2003 Inasistencia de Trabajadores por motivo de enfermedad<\/a>\u00a0Sustituye a las circulares 12-81, 7-89 y 25-98<\/p>\n<p><a href=\"https:\/\/auditoria.usac.edu.gt\/wp-content\/uploads\/2014\/10\/Circular-DAP.URyS-No.-01-2004-Prohibici\u00f3n-que-trabajadores-interinos-sean-ascendidos.pdf\">Circular DAP.URyS No. 01-2004 Prohibici\u00f3n que trabajadores interinos sean ascendidos<\/a><\/p>\n<p><a href=\"https:\/\/auditoria.usac.edu.gt\/wp-content\/uploads\/2014\/10\/DARH-1-2004.pdf\">DARH 1-200<\/a><a href=\"https:\/\/auditoria.usac.edu.gt\/wp-content\/uploads\/2014\/10\/DARH-1-2004.pdf\">4 Fechas para presentar solicitudes de prorroga de funcionamiento de plazas<\/a><\/p>\n<p><a href=\"https:\/\/auditoria.usac.edu.gt\/wp-content\/uploads\/2014\/10\/DARH-2-2004.pdf\">DARH 2-2004 Regulaci\u00f3n del articulo 41 de reglamento de relaciones laborales<\/a><\/p>\n<p><a href=\"https:\/\/auditoria.usac.edu.gt\/wp-content\/uploads\/2014\/10\/DARH-3-2004.pdf\">DARH 3-2004 Descuento banco de los trabajadores<\/a><\/p>\n<p><a style=\"line-height: 1.714285714; font-size: 1rem;\" href=\"https:\/\/auditoria.usac.edu.gt\/wp-content\/uploads\/2014\/10\/DARH-8-2007.pdf\">DARH 8-2007 Obligatoriedad de mantener la calidad de colegiado activo<\/a><\/p>\n<p><a href=\"https:\/\/auditoria.usac.edu.gt\/wp-content\/uploads\/2014\/10\/DARH-37-2007.pdf\">DARH 37-2007 Reiteraci\u00f3n sobre controles de asistencia y puntualidad<\/a><\/p>\n<p><a href=\"https:\/\/auditoria.usac.edu.gt\/wp-content\/uploads\/2014\/10\/DARH-1-2009.pdf\">DARH 1-2009 Actualizaci\u00f3n del catalogo de puesto 2009<\/a><\/p>\n<p><a href=\"https:\/\/auditoria.usac.edu.gt\/wp-content\/uploads\/2014\/10\/DARH-1-2010.pdf\">DARH 1-2010 Licencia para no laborar el 1 de enero de 2010<\/a><\/p>\n<p><a href=\"https:\/\/auditoria.usac.edu.gt\/wp-content\/uploads\/2014\/10\/DARH-28-2011.pdf\">DARH 28-2011 D\u00edas de asueto correspondientes al segundo semestre 2011<\/a><\/p>\n<p><a href=\"https:\/\/auditoria.usac.edu.gt\/wp-content\/uploads\/2014\/10\/DARH-1-2012.pdf\">DARH 1-2012 Actualizaci\u00f3n de datos personales ante la Contralor\u00eda de Cuentas<\/a><\/p>\n<p><a style=\"line-height: 1.714285714; font-size: 1rem;\" href=\"https:\/\/auditoria.usac.edu.gt\/wp-content\/uploads\/2014\/10\/DARH-04-2012.pdf\">DARH 04-2012 Informaci\u00f3n sobre auditoria que practicar\u00e1 la Contraloria General de Cuentas y finiquitos<\/a><\/p>\n<p><a style=\"line-height: 1.714285714; font-size: 1rem;\" href=\"https:\/\/auditoria.usac.edu.gt\/wp-content\/uploads\/2014\/10\/DARH-27-2012-perido-vacaciones-2012.pdf\">DARH 27-2012 periodo vacaciones 2012<\/a><\/p>\n<p><a href=\"https:\/\/auditoria.usac.edu.gt\/wp-content\/uploads\/2014\/10\/DARH-No.-035-2014.pdf\">DARH No. 035-2014 Presentaci\u00f3n planilla IVA 2014<\/a><\/p>\n<p><a href=\"https:\/\/auditoria.usac.edu.gt\/wp-content\/uploads\/2014\/10\/DARHC-002-2015-Actualizaci\u00f3n-del-Catalogo-de-Puestos-a-enero-2015.pdf\">DARHC 002-2015 Actualizaci\u00f3n del Catalogo de Puestos a enero 2015<\/a><\/p>\n<p><a href=\"https:\/\/auditoria.usac.edu.gt\/wp-content\/uploads\/2014\/10\/DARH.URyS-No.-01-2015-Evaluaci\u00f2n-de-Personal-Administrativo.pdf\">DARH.URyS No. 01-2015 Evaluaci\u00f3n de Personal Administrativo<\/a><\/p>\n<p><a href=\"https:\/\/auditoria.usac.edu.gt\/wp-content\/uploads\/2014\/10\/DARHC-No.-001-2015-Responsabilidad-sobre-pagos-ilegales.pdf\">DARHC No. 001-2015 Responsabilidad sobre pagos ilegales<\/a><\/p>\n<p><a href=\"https:\/\/auditoria.usac.edu.gt\/wp-content\/uploads\/2014\/10\/DARHC.URyS-No.-03-2015-Regulaci\u00f3n-Articulo-41.pdf\">DARHC.URyS No. 03-2015 Regulaci\u00f3n Articulo 41<\/a><\/p>\n<p><a href=\"https:\/\/auditoria.usac.edu.gt\/wp-content\/uploads\/2014\/10\/DARH-05-2015-Cambio-de-Horarios.pdf\" rel=\"\">DARH 05-2015 Cambio de Horarios<\/a><\/p>\n<p><a href=\"https:\/\/auditoria.usac.edu.gt\/wp-content\/uploads\/2014\/10\/DARH-12-2015-Trabajadores-que-se-ausentan-por-enfermedad.pdf\" rel=\"\">DARH 12-2015 Trabajadores que se ausentan por enfermedad<\/a><\/p>\n<p><a href=\"https:\/\/auditoria.usac.edu.gt\/wp-content\/uploads\/2014\/10\/DARH-5-2016-informaci\u00f3n-sobre-servicios-en-linea-de-RENAP.pdf\" rel=\"\">DARH 5-2016 informaci\u00f3n sobre servicios en linea de RENAP<\/a><\/p>\n<p><a href=\"https:\/\/auditoria.usac.edu.gt\/wp-content\/uploads\/2014\/10\/DARH-No.-08-2016-Traslado-de-Boleta-de-Ornato.pdf\" rel=\"\">DARH No. 08-2016 Traslado de Boleta de Ornato<\/a><\/p>\n<p><a href=\"https:\/\/auditoria.usac.edu.gt\/wp-content\/uploads\/2014\/10\/DARHS-016-2016-Envio-de-Variaciones-de-la-Nomina-a-Auditoria.pdf\" rel=\"\">DARHS -016-2016 Envi\u00f3 de Variaciones de la Nomina a Auditoria<\/a><\/p>\n<p><a href=\"https:\/\/auditoria.usac.edu.gt\/wp-content\/uploads\/2014\/10\/DARHS-017-2016-Envio-de-contratos-On-Line-al-portal-de-la-CGC.pdf\" rel=\"\">DARHS -017-2016 Envio de contratos On Line al portal de la CGC<\/a><\/p>\n<p><a href=\"https:\/\/auditoria.usac.edu.gt\/wp-content\/uploads\/2014\/10\/DARH.URyS-No.-030-2016-Evaluaci\u00f3n-del-los-trabajadores-administrativos-period-de-prueba.pdf\" rel=\"\">DARH.URyS No. 030-2016 Evaluaci\u00f3n del los trabajadores administrativos periodo de prueba<\/a><\/p>\n<p><a href=\"https:\/\/auditoria.usac.edu.gt\/wp-content\/uploads\/2014\/10\/DARH-035-2016-Ampliaci\u00f3n-de-entregra-de-Actualizaci\u00f3n-realiza-da-en-la-Contraloria.pdf\" rel=\"\">DARH 035-2016 Ampliaci\u00f3n de entrega de Actualizaci\u00f3n realiza da en la Contralor\u00eda<\/a><\/p>\n<p><a href=\"https:\/\/auditoria.usac.edu.gt\/wp-content\/uploads\/2014\/10\/DARH-45-2026-Recomendaciones-de-Auditoria-Interna-de-formularios-de-las-distintas-acciones-de-puestos.pdf\" rel=\"\">DARH 45-2026 Recomendaciones de Auditoria Interna de formularios de las distintas acciones de puestos<\/a><\/p>\n<p><a href=\"https:\/\/auditoria.usac.edu.gt\/wp-content\/uploads\/2014\/10\/DARHS-046-2016-Obligaci\u00f3n-de-Presentar-Colegiado-Activo-y-Declaraci\u00f3n-de-Cargos.pdf\" rel=\"\">DARHS-046-2016 Obligaci\u00f3n de Presentar Colegiado Activo y Declaraci\u00f3n de Cargos<\/a><\/p>\n<p><a href=\"https:\/\/auditoria.usac.edu.gt\/wp-content\/uploads\/2014\/10\/DARH-054-2016-jubilados.pdf\" rel=\"\">DARH 054-2016-regulaciones sobre jubilados<\/a><\/p>\n<p><a href=\"https:\/\/auditoria.usac.edu.gt\/wp-content\/uploads\/2014\/10\/CIRCULAR-DARHS-062-2016.pdf\" rel=\"\">DARHS 062-2016 Adjuntar Certificaci\u00f3n de Colegiados Activos<\/a><\/p>\n<p><a href=\"https:\/\/auditoria.usac.edu.gt\/wp-content\/uploads\/2014\/10\/CIRCULAR-DARH-No.-007-2017.pdf\" rel=\"\">DARH No. 007-2017 Salarios M\u00ednimos<\/a><\/p>\n<p><a href=\"https:\/\/auditoria.usac.edu.gt\/wp-content\/uploads\/2014\/10\/DARH-010-2017-Fecha-maxima-entrega-copia-de-Actualizaci\u00f3n-ante-la-CGCG.pdf\" rel=\"\">DARH 010-2017 Fecha m\u00e1xima entrega copia de Actualizaci\u00f3n ante la CGCG<\/a><\/p>\n<p><a href=\"https:\/\/auditoria.usac.edu.gt\/wp-content\/uploads\/2014\/10\/CIRCULAR-DARH-No.-019-2017.pdf\" rel=\"\">DARH No. 019-2017 Constancias de trabajador activo para prestamos del plan<\/a><\/p>\n<p><a href=\"https:\/\/auditoria.usac.edu.gt\/wp-content\/uploads\/2018\/10\/DARH-No.-25-2017-Actualizaci\u00f3n-RTU.pdf\">DARH No. 25-2017 Actualizaci\u00f3n <\/a><\/p>\n<p><a href=\"https:\/\/auditoria.usac.edu.gt\/wp-content\/uploads\/2018\/10\/DARH-31-2017-Asuetos-segundo-semestre-2017.pdf\">DARH 31-2017 Asuetos segundo semestre 2017<\/a><\/p>\n<p><a href=\"https:\/\/auditoria.usac.edu.gt\/wp-content\/uploads\/2014\/10\/CIRCULAR-DARHC.URyS-No.-38-2017.pdf\" rel=\"\">DARHC.URyS No. 38-2017 Aplicaci\u00f3n del articulo 41<\/a><\/p>\n<p><a href=\"https:\/\/auditoria.usac.edu.gt\/wp-content\/uploads\/2014\/10\/CIRCULAR-DARHS-041-2017.pdf\" rel=\"\">DARHS 041-2017 Obligaci\u00f3n de mantener la condici\u00f3n de colegiado activo y actualizarse<\/a><\/p>\n<p><a href=\"https:\/\/auditoria.usac.edu.gt\/wp-content\/uploads\/2018\/10\/DARH-No.-51-2017-Constancia-RTU.pdf\">DARH No. 51-2017 Constancia RTU<\/a><\/p>\n<p><a href=\"https:\/\/auditoria.usac.edu.gt\/wp-content\/uploads\/2018\/10\/DARH-No-055-2017-Actualizaci\u00f3n-de-catalogo-de-puestos-septiembre-2017.pdf\">DARH No-055-2017 Actualizaci\u00f3n de catalogo de puestos septiembre 2017<\/a><\/p>\n<p><a href=\"https:\/\/auditoria.usac.edu.gt\/wp-content\/uploads\/2018\/10\/DARH-57-2017-Per\u00eddo-de-vacaciones-2017.pdf\">DARH 57-2017 Per\u00edodo de vacaciones 2017<\/a><\/p>\n<p><a href=\"https:\/\/auditoria.usac.edu.gt\/wp-content\/uploads\/2018\/10\/DARH-061-2017-Declaraci\u00f3n-Jurada-Patrimonial.pdf\">DARH 061-2017 Declaraci\u00f3n Jurada Patrimonial<\/a><\/p>\n<p><a href=\"https:\/\/auditoria.usac.edu.gt\/wp-content\/uploads\/2018\/10\/DARH-No.-063-2017-Solicitudes-de-Certificaci\u00f3n-Laboral.pdf\">DARH No. 063-2017 Solicitudes de Certificaci\u00f3n Laboral<\/a><\/p>\n<p><a href=\"https:\/\/auditoria.usac.edu.gt\/wp-content\/uploads\/2018\/10\/DARH-No.-064-2017-Afiliaci\u00f3n-en-el-L\u00ednea-IGSS.pdf\">DARH No. 064-2017 Afiliaci\u00f3n en el L\u00ednea IGSS<\/a><\/p>\n<p><a href=\"https:\/\/auditoria.usac.edu.gt\/wp-content\/uploads\/2018\/10\/DARH-No.-069-2017-Lectura-de-datos-del-RENAP.pdf\">DARH No. 069-2017 Lectura de datos del RENAP<\/a><\/p>\n<p><a href=\"https:\/\/auditoria.usac.edu.gt\/wp-content\/uploads\/2018\/10\/DARH-No.-70-2017-Actualizaci\u00f3n-expedientes-en-la-DARH.pdf\">DARH No. 70-2017 Actualizaci\u00f3n expedientes en la DARH<\/a><\/p>\n<p><a href=\"https:\/\/auditoria.usac.edu.gt\/wp-content\/uploads\/2018\/10\/DARH-No.-001-2018-Actualizaci\u00f3n-de-Datos-ante-la-CGC.pdf\">DARH No. 001-2018 Actualizaci\u00f3n de Datos ante la CGC<\/a><\/p>\n<p><a href=\"https:\/\/auditoria.usac.edu.gt\/wp-content\/uploads\/2018\/10\/DARH-No.-006-2018-Asuetos-primer-semestre.pdf\">DARH No. 006-2018 Asuetos primer semestre<\/a><\/p>\n<p><a href=\"https:\/\/auditoria.usac.edu.gt\/wp-content\/uploads\/2018\/10\/DARH-No.-08-2018-Guia-Actualizaci\u00f3n-en-el-SIIF.pdf\">DARH No. 08-2018 Guia Actualizaci\u00f3n en el SIIF<\/a><\/p>\n<p><a href=\"https:\/\/auditoria.usac.edu.gt\/wp-content\/uploads\/2018\/10\/DARH-No.-09-2018-Plataforma-para-carn\u00e9-de-trabajador.pdf\">DARH No. 09-2018, Plataforma para carn\u00e9 de trabajador<\/a><\/p>\n<p><a href=\"https:\/\/auditoria.usac.edu.gt\/wp-content\/uploads\/2018\/10\/DARH-No.-10-2018-Trabajadores-menores-de-edad.pdf\">DARH No. 10-2018 Trabajadores menores de edad<\/a><\/p>\n<p><a href=\"https:\/\/auditoria.usac.edu.gt\/wp-content\/uploads\/2018\/10\/DARH-No.-11-2018-Salario-minimo-2018.pdf\">DARH No. 11-2018 Salario m\u00ednimo 2018<\/a><\/p>\n<p><a href=\"https:\/\/auditoria.usac.edu.gt\/wp-content\/uploads\/2018\/10\/DARH-No.-13-2018-Boleto-de-Ornato-2018.pdf\">DARH No. 13-2018 &#8211; Boleto de Ornato 2018<\/a><\/p>\n<p><a href=\"https:\/\/auditoria.usac.edu.gt\/wp-content\/uploads\/2018\/10\/DARH-SJ-No.-36-2018.pdf\">DARH SJ No. 36-2018<\/a><\/p>\n<p><a href=\"https:\/\/auditoria.usac.edu.gt\/wp-content\/uploads\/2018\/10\/DARH-No.-054-2018-Evaluaci\u00f3n-renglo-031-Planilleros.pdf\">DARH No. 054-2018, Evaluaci\u00f3n renglon 031 Planilleros<\/a><\/p>\n<p><a href=\"https:\/\/auditoria.usac.edu.gt\/wp-content\/uploads\/2018\/10\/DARHS-057-2018-Colegiados-Activos.pdf\">DARHS 057-2018 Colegiados Activos<\/a><\/p>\n<p><a href=\"https:\/\/auditoria.usac.edu.gt\/wp-content\/uploads\/2018\/10\/DARH-No.-059-2018-Dias-de-asueto-laboral-segundo-semestre-2018.pdf\">DARH No. 059-2018, D\u00edas de asueto laboral segundo semestre 2018<\/a><\/p>\n<p><a href=\"https:\/\/auditoria.usac.edu.gt\/wp-content\/uploads\/2018\/10\/DARH-No.-061-2018-Asuetos-laborales.pdf\">DARH No. 061-2018 Asuetos laborales<\/a><\/p>\n<p><a href=\"https:\/\/auditoria.usac.edu.gt\/wp-content\/uploads\/2018\/10\/DARH-DIGA-DP-Incremento-de-Jornadas-laborales.pdf\">DARH, DIGA, DP,\u00a0 abril 2018 Incremento de Jornadas laborales<\/a><\/p>\n<p><a href=\"https:\/\/auditoria.usac.edu.gt\/wp-content\/uploads\/2018\/10\/DARHS-070-2018-Uso-de-URyS.pdf\">DARHS-070-2018 Uso de URyS<\/a><\/p>\n<p><a href=\"https:\/\/auditoria.usac.edu.gt\/wp-content\/uploads\/2019\/04\/DARH-No.-087-2018-Periodo-de-vacaciones.pdf\">DARH No. 087-2018 Periodo de vacaciones<\/a><\/p>\n<p><a href=\"https:\/\/auditoria.usac.edu.gt\/wp-content\/uploads\/2019\/04\/DARH-No.-090-2018-Liquidaci\u00f3n-ISR-2018.pdf\">DARH No. 090-2018 Liquidaci\u00f3n ISR 2018<\/a><\/p>\n<p><a href=\"https:\/\/auditoria.usac.edu.gt\/wp-content\/uploads\/2019\/01\/CIRCULAR-DARH-No.-094-2018.pdf\">CIRCULAR DARH No. 094-2018 Requerimiento de la CGC<\/a><\/p>\n<p><a href=\"https:\/\/auditoria.usac.edu.gt\/wp-content\/uploads\/2019\/01\/DARH-No.-001-2019-Actualizacion-ante-la-CGC.pdf\">DARH No. 001-2019 Actualizaci\u00f3n ante la CGC<\/a><\/p>\n<p><a href=\"https:\/\/auditoria.usac.edu.gt\/wp-content\/uploads\/2019\/01\/DARH-No.-005-2019-Boleta-de-Ornato.pdf\">DARH No. 005-2019 Boleto de Ornato<\/a><\/p>\n<p><a href=\"https:\/\/auditoria.usac.edu.gt\/wp-content\/uploads\/2019\/01\/DARH-No.-007-2019-Asueto-1-de-febrero.pdf\">DARH No. 007-2019 Asueto 1 de febrero<\/a><\/p>\n<p><a href=\"https:\/\/auditoria.usac.edu.gt\/wp-content\/uploads\/2019\/01\/DARH-No.-001-A-2019-Ampliaci\u00f3n-Actualizaci\u00f3-ante-Contraloria.pdf\">DARH No. 001-A-2019 Ampliaci\u00f3n Actualizaci\u00f3n ante Contraloria<\/a><\/p>\n<p><a href=\"https:\/\/auditoria.usac.edu.gt\/wp-content\/uploads\/2019\/04\/DARH-023-2019-Encuesta-Etnia.pdf\">DARH 023-2019 Encuesta Etnia<\/a><\/p>\n<p><a href=\"https:\/\/auditoria.usac.edu.gt\/wp-content\/uploads\/2019\/04\/DARH-No.-008-2019-Ausetos-primer-semestre-2019.pdf\">DARH No. 008-2019 Asuetos primer semestre 2019<\/a><\/p>\n<p><a href=\"https:\/\/auditoria.usac.edu.gt\/wp-content\/uploads\/2019\/04\/DARH-No.-010-2019-Documentos-planilleros-031.pdf\">DARH No. 010-2019 Documentos planilleros 031<\/a><\/p>\n<p><a href=\"https:\/\/auditoria.usac.edu.gt\/wp-content\/uploads\/2019\/04\/DARHS-013-2019-Cumplimiento-articulo-13-Personal-Academico-fuera-de-carrera.pdf\">DARHS-013-2019 Cumplimiento articulo 13 Personal Acad\u00e9mico fuera de carrera<\/a><\/p>\n<p><a href=\"https:\/\/auditoria.usac.edu.gt\/wp-content\/uploads\/2019\/04\/DARH-No.-015-2019-Liquidaci\u00f3n-anula-ISR.pdf\">DARH No. 015-2019 Liquidaci\u00f3n anula ISR<\/a><\/p>\n<p><a href=\"https:\/\/auditoria.usac.edu.gt\/wp-content\/uploads\/2019\/04\/DARH-No.-18-2019-Liquidaci\u00f3n-ISR-anual.pdf\">DARH No. 18-2019 Liquidaci\u00f3n ISR anual<\/a><\/p>\n<p><a href=\"https:\/\/auditoria.usac.edu.gt\/wp-content\/uploads\/2019\/04\/DARH-No.-022-2019-verificaci\u00f3n-Documentos-Planilleros-031.pdf\">DARH No. 022-2019 verificaci\u00f3n Documentos Planilleros 031<\/a><\/p>\n<h3>2. Manuales y procedimientos<\/h3>\n<p><a href=\"https:\/\/auditoria.usac.edu.gt\/wp-content\/uploads\/2014\/10\/DARH-Manual-puestos.pdf\">DARH Manual General de Clasificaci\u00f3n de Puestos<\/a><\/p>\n<p><a href=\"https:\/\/auditoria.usac.edu.gt\/wp-content\/uploads\/2014\/10\/DARH-Oficina.pdf\">DARH Manual de clasificaci\u00f3n de puestos nivel oficina<\/a><\/p>\n<p><a href=\"https:\/\/auditoria.usac.edu.gt\/wp-content\/uploads\/2014\/10\/DARH-Profesional.pdf\">DARH Manual de clasificaci\u00f3n de puestos nivel profesional<\/a><\/p>\n<p><a href=\"https:\/\/auditoria.usac.edu.gt\/wp-content\/uploads\/2014\/10\/DARH-Servicio.pdf\">DARH Manual de clasificaci\u00f3n de puestos nivel servicios<\/a><\/p>\n<p><a href=\"https:\/\/auditoria.usac.edu.gt\/wp-content\/uploads\/2014\/10\/DARH-T\u00e9cnico.pdf\">DARH Manual de Clasificaci\u00f3n de Puesto Nivel T\u00e9cnico<\/a><\/p>\n<p><a href=\"https:\/\/auditoria.usac.edu.gt\/wp-content\/uploads\/2014\/10\/manualesMODULO+II+NOMBRAMIENTOS+HISTORIAL+LABORAL+version+final1.pdf\">DARH Manuales m\u00f3dulo II, Nombramientos, Historia Laboral<\/a><\/p>\n<p><a href=\"https:\/\/auditoria.usac.edu.gt\/wp-content\/uploads\/2019\/07\/Normativo-del-Sistema-de-Clasificaci\u00f3n-de-Puestos.pdf\">Normativo del Sistema de Clasificaci\u00f3n de Puestos<\/a><\/p>\n<p><a href=\"https:\/\/auditoria.usac.edu.gt\/wp-content\/uploads\/2019\/07\/Normativo-para-Actividades-de-Estimulo.pdf\">Normativo para Actividades de Est\u00edmulo<\/a><\/p>\n<p>&nbsp;<\/p>\n<h3>3. Procedimientos<\/h3>\n<p><a href=\"https:\/\/auditoria.usac.edu.gt\/wp-content\/uploads\/2014\/10\/DARH-sis.pdf\">DARH \u00a0Procedimiento para personal suspendido por el IGSS<\/a><\/p>\n<p><a href=\"https:\/\/auditoria.usac.edu.gt\/wp-content\/uploads\/2014\/10\/manualesprocedimientodenominaciondocenteyadministrativomodificacion.pdf\">DARH Procedimiento para nominaci\u00f3n personal \u00a0docente y administrativo modificaci\u00f3n<\/a><\/p>\n<p><a style=\"line-height: 1.714285714; font-size: 1rem;\" href=\"https:\/\/auditoria.usac.edu.gt\/wp-content\/uploads\/2014\/10\/DARH-Extranjeros.pdf\">DARH Modelo de permiso que deben presentar los extranjeros para laborar en la USAC<\/a><\/p>\n<p><a href=\"https:\/\/auditoria.usac.edu.gt\/wp-content\/uploads\/2014\/10\/DARH-guia-indemn.pdf\">DARH Gu\u00eda tramite de indemnizaci\u00f3n<\/a><\/p>\n<p><a href=\"https:\/\/auditoria.usac.edu.gt\/wp-content\/uploads\/2014\/10\/DARH-004-2015-Plazas-Fuera-de-Clasificaci\u00f3n.pdf\">DARH 004-2015 Plazas Fuera de Clasificaci\u00f3n<\/a><\/p>\n","protected":false},"excerpt":{"rendered":"<p>1. Circulares DARH Circulares varias de 1988 al 2004 DARH 5-1995 Procedimiento de despidos DARH 25-1998 Inasistencia de trabajadores por motivos de enfermedad\u00a0*derogada fue sustituida por la DAP-032-2003 DARH 36-2001 Procedimiento para promociones docentes DAP-032-2003 Inasistencia de Trabajadores por motivo<\/p>\n","protected":false},"author":3,"featured_media":0,"parent":14,"menu_order":8,"comment_status":"open","ping_status":"closed","template":"","meta":{"footnotes":""},"class_list":["post-245","page","type-page","status-publish","hentry"],"_links":{"self":[{"href":"https:\/\/auditoria.usac.edu.gt\/index.php?rest_route=\/wp\/v2\/pages\/245","targetHints":{"allow":["GET"]}}],"collection":[{"href":"https:\/\/auditoria.usac.edu.gt\/index.php?rest_route=\/wp\/v2\/pages"}],"about":[{"href":"https:\/\/auditoria.usac.edu.gt\/index.php?rest_route=\/wp\/v2\/types\/page"}],"author":[{"embeddable":true,"href":"https:\/\/auditoria.usac.edu.gt\/index.php?rest_route=\/wp\/v2\/users\/3"}],"replies":[{"embeddable":true,"href":"https:\/\/auditoria.usac.edu.gt\/index.php?rest_route=%2Fwp%2Fv2%2Fcomments&post=245"}],"version-history":[{"count":35,"href":"https:\/\/auditoria.usac.edu.gt\/index.php?rest_route=\/wp\/v2\/pages\/245\/revisions"}],"predecessor-version":[{"id":1962,"href":"https:\/\/auditoria.usac.edu.gt\/index.php?rest_route=\/wp\/v2\/pages\/245\/revisions\/1962"}],"up":[{"embeddable":true,"href":"https:\/\/auditoria.usac.edu.gt\/index.php?rest_route=\/wp\/v2\/pages\/14"}],"wp:attachment":[{"href":"https:\/\/auditoria.usac.edu.gt\/index.php?rest_route=%2Fwp%2Fv2%2Fmedia&parent=245"}],"curies":[{"name":"wp","href":"https:\/\/api.w.org\/{rel}","templated":true}]}}