{"id":300,"date":"2014-10-09T15:19:48","date_gmt":"2014-10-09T15:19:48","guid":{"rendered":"https:\/\/auditoria.usac.edu.gt\/?page_id=300"},"modified":"2019-04-10T16:22:13","modified_gmt":"2019-04-10T16:22:13","slug":"direccion-general-de-administracion-diga","status":"publish","type":"page","link":"https:\/\/auditoria.usac.edu.gt\/?page_id=300","title":{"rendered":"Direcci\u00f3n General de Administraci\u00f3n DIGA"},"content":{"rendered":"<p><a href=\"https:\/\/auditoria.usac.edu.gt\/wp-content\/uploads\/2014\/10\/DIGA-18-95.pdf\">DIGA 18-95 Horarios de almuerzos<\/a><\/p>\n<p><a href=\"https:\/\/auditoria.usac.edu.gt\/wp-content\/uploads\/2014\/10\/CERTIFICADOS-Y-CALCOMANIAS-DEL-LABORATORIO.pdf\">Circular CAC No. 04-2015 Certificados y Calcoman\u00edas del Laboratorio<\/a><\/p>\n<p><a href=\"https:\/\/auditoria.usac.edu.gt\/wp-content\/uploads\/2018\/10\/DIGA-008-2018-creaci\u00f3n-del-departamento-de-seguridad.pdf\">DIGA 008-2018 creaci\u00f3n del departamento de seguridad<\/a><\/p>\n<p><a href=\"https:\/\/auditoria.usac.edu.gt\/wp-content\/uploads\/2018\/10\/DIGA-40-2018-Devoluci\u00f3n-de-aparatos-celulares-corporativos.pdf\">DIGA 40-2018, Devoluci\u00f3n de aparatos celulares corporativos<\/a><\/p>\n<p><a href=\"https:\/\/auditoria.usac.edu.gt\/wp-content\/uploads\/2018\/10\/DIGA-44-2018-Devoluci\u00f3n-de-aparatos-celulares-corporativos.pdf\">DIGA 44-2018, Devoluci\u00f3n de aparatos celulares corporativos<\/a><\/p>\n<p><a href=\"https:\/\/auditoria.usac.edu.gt\/wp-content\/uploads\/2018\/10\/DIGA-Circular-Conjunta-No.-1-2018-Prohiibici\u00f3n-Ventas-en-lugares-de-trabajo.pdf\">DIGA Circular Conjunta No. 1-2018 Prohibici\u00f3n Ventas en lugares de trabajo<\/a><\/p>\n<p><a href=\"https:\/\/auditoria.usac.edu.gt\/wp-content\/uploads\/2018\/10\/C.A.C.-No.-12-2018-DIGA-Prohibici\u00f3n-ventas-ambulantes.pdf\">C.A.C. No. 12-2018 DIGA Prohibici\u00f3n ventas ambulantes<\/a><\/p>\n<p><a href=\"https:\/\/auditoria.usac.edu.gt\/wp-content\/uploads\/2019\/04\/C.A.C-No.-13-2019-Consumo-en-comercios-regulados.pdf\">C.A.C No. 13-2019 Consumo en comercios regulados<\/a><\/p>\n<p><a href=\"https:\/\/auditoria.usac.edu.gt\/wp-content\/uploads\/2019\/04\/CGP-06-2019-Designaci\u00f3n-de-responsables-del-POA-en-el-SICOIN.pdf\">CGP 06-2019 Designaci\u00f3n de responsables del POA en el SICOIN<\/a><\/p>\n<p><a href=\"https:\/\/auditoria.usac.edu.gt\/wp-content\/uploads\/2019\/04\/CGP.CUAPD_.-10.03.2019-Atenci\u00f3n-a-personas-con-discapacidad.pdf\">CGP.CUAPD. 10.03.2019 Atenci\u00f3n a personas con discapacidad<\/a><\/p>\n<p><a href=\"https:\/\/auditoria.usac.edu.gt\/wp-content\/uploads\/2019\/04\/DIGA-21-2019-Restricci\u00f3n-ingreso-a-azotea.pdf\">DIGA 21-2019 Restricci\u00f3n ingreso a azotea<\/a><\/p>\n<p>&nbsp;<\/p>\n","protected":false},"excerpt":{"rendered":"<p>DIGA 18-95 Horarios de almuerzos Circular CAC No. 04-2015 Certificados y Calcoman\u00edas del Laboratorio DIGA 008-2018 creaci\u00f3n del departamento de seguridad DIGA 40-2018, Devoluci\u00f3n de aparatos celulares corporativos DIGA 44-2018, Devoluci\u00f3n de aparatos celulares corporativos DIGA Circular Conjunta No. 1-2018<\/p>\n","protected":false},"author":3,"featured_media":0,"parent":14,"menu_order":11,"comment_status":"open","ping_status":"closed","template":"","meta":{"footnotes":""},"class_list":["post-300","page","type-page","status-publish","hentry"],"_links":{"self":[{"href":"https:\/\/auditoria.usac.edu.gt\/index.php?rest_route=\/wp\/v2\/pages\/300","targetHints":{"allow":["GET"]}}],"collection":[{"href":"https:\/\/auditoria.usac.edu.gt\/index.php?rest_route=\/wp\/v2\/pages"}],"about":[{"href":"https:\/\/auditoria.usac.edu.gt\/index.php?rest_route=\/wp\/v2\/types\/page"}],"author":[{"embeddable":true,"href":"https:\/\/auditoria.usac.edu.gt\/index.php?rest_route=\/wp\/v2\/users\/3"}],"replies":[{"embeddable":true,"href":"https:\/\/auditoria.usac.edu.gt\/index.php?rest_route=%2Fwp%2Fv2%2Fcomments&post=300"}],"version-history":[{"count":7,"href":"https:\/\/auditoria.usac.edu.gt\/index.php?rest_route=\/wp\/v2\/pages\/300\/revisions"}],"predecessor-version":[{"id":1904,"href":"https:\/\/auditoria.usac.edu.gt\/index.php?rest_route=\/wp\/v2\/pages\/300\/revisions\/1904"}],"up":[{"embeddable":true,"href":"https:\/\/auditoria.usac.edu.gt\/index.php?rest_route=\/wp\/v2\/pages\/14"}],"wp:attachment":[{"href":"https:\/\/auditoria.usac.edu.gt\/index.php?rest_route=%2Fwp%2Fv2%2Fmedia&parent=300"}],"curies":[{"name":"wp","href":"https:\/\/api.w.org\/{rel}","templated":true}]}}