{"id":303,"date":"2014-10-09T15:42:49","date_gmt":"2014-10-09T15:42:49","guid":{"rendered":"https:\/\/auditoria.usac.edu.gt\/?page_id=303"},"modified":"2019-07-26T16:49:31","modified_gmt":"2019-07-26T16:49:31","slug":"direccion-general-financiera-dgf","status":"publish","type":"page","link":"https:\/\/auditoria.usac.edu.gt\/?page_id=303","title":{"rendered":"Direcci\u00f3n General Financiera DGF"},"content":{"rendered":"<h3>1. Circulares<\/h3>\n<p><a href=\"https:\/\/auditoria.usac.edu.gt\/wp-content\/uploads\/2014\/10\/DGF-9-1991.pdf\">DGF 9-1991 Procedimiento para la compra de \u00a0maquinaria y equipo<\/a><\/p>\n<p><a href=\"https:\/\/auditoria.usac.edu.gt\/wp-content\/uploads\/2014\/10\/DGF-7-1996.pdf\">DGF 7-1996 Aspecto relacionados a conciliaciones bancarias<\/a><\/p>\n<p><a href=\"https:\/\/auditoria.usac.edu.gt\/wp-content\/uploads\/2014\/10\/DGF-2-98.pdf\">DGF 2-98 Lineamientos para la contrataci\u00f3n 029 y grupo 18<\/a>\u00a0*Derogado<\/p>\n<p><a href=\"https:\/\/auditoria.usac.edu.gt\/wp-content\/uploads\/2014\/10\/DGF-13-98-Registro-contable-equipo-computo.pdf\">DGF 13-98 Registro contable equipo computo<\/a><\/p>\n<p><a href=\"https:\/\/auditoria.usac.edu.gt\/wp-content\/uploads\/2014\/10\/DGF-1-99.pdf\">DGF 1-99 Modificaciones al Sistema Integrado de Compras<\/a>\u00a0*derogado<\/p>\n<p><a href=\"https:\/\/auditoria.usac.edu.gt\/wp-content\/uploads\/2014\/10\/DGF-7-1999.pdf\">DGF 7-1999 Sello de recib\u00ed conforme en las facturas<\/a><\/p>\n<p><a href=\"https:\/\/auditoria.usac.edu.gt\/wp-content\/uploads\/2014\/10\/DGF-13-2001.pdf\">DGF 13-2001 Instructivo para solicitar y liquidar Vi\u00e1ticos y Gastos Conexos<\/a><\/p>\n<p><a href=\"https:\/\/auditoria.usac.edu.gt\/wp-content\/uploads\/2014\/10\/DGF-5-2004.pdf\">DGF 5-2004 Modificaciones al procedimiento de pago de Tiempo Extraordinario<\/a><\/p>\n<p><a href=\"https:\/\/auditoria.usac.edu.gt\/wp-content\/uploads\/2014\/10\/DGF-13-2004-Cuentas-Bancarias-a-nombra-de-la-USAC.pdf\" rel=\"\">DGF 13-2004 Cuentas Bancarias a nombre de la USAC<\/a><\/p>\n<p><a href=\"https:\/\/auditoria.usac.edu.gt\/wp-content\/uploads\/2014\/10\/DGF-31-2004.pdf\">DGF 31-2004 Adicionar a las cuentas bancarias las siglas USAC<\/a><\/p>\n<p><a href=\"https:\/\/auditoria.usac.edu.gt\/wp-content\/uploads\/2014\/10\/DGF-4-2006.pdf\">DGF 4-2006 Detalle de las Facturas<\/a><\/p>\n<p><a href=\"https:\/\/auditoria.usac.edu.gt\/wp-content\/uploads\/2014\/10\/DGF-12-2006.pdf\">DGF 12-2006 Habilitaci\u00f3n de Formularios en la Contralor\u00eda de Cuentas<\/a><\/p>\n<p><a href=\"https:\/\/auditoria.usac.edu.gt\/wp-content\/uploads\/2014\/10\/DGF-23-2006.pdf\">DGF 23-2006 Nombramiento de Vi\u00e1ticos por la Autoridad Nominadora<\/a><\/p>\n<p><a href=\"https:\/\/auditoria.usac.edu.gt\/wp-content\/uploads\/2014\/10\/DGF-5-2007.pdf\">DGF 5-2007 Requerimiento de liquidaci\u00f3n oportuna de Gastos<\/a><\/p>\n<p><a href=\"https:\/\/auditoria.usac.edu.gt\/wp-content\/uploads\/2014\/10\/DGF-20-2007.pdf\">DGF 20-2007 Firmas de autoridades correspondientes en Orden de Compra<\/a><\/p>\n<p><a href=\"https:\/\/auditoria.usac.edu.gt\/wp-content\/uploads\/2014\/10\/DGF-31-2007.pdf\">DGF 31-2007 Recomendaciones de la Contralor\u00eda de Cuentas en cuanta a Inventarios<\/a><\/p>\n<p><a href=\"https:\/\/auditoria.usac.edu.gt\/wp-content\/uploads\/2014\/10\/DGF-1003-2007.pdf\">DGF 1003-2007 Integraci\u00f3n del precio de bienes importados<\/a><\/p>\n<p><a href=\"https:\/\/auditoria.usac.edu.gt\/wp-content\/uploads\/2014\/10\/DGF-18-2008.pdf\">DGF 18-2008 Normas de Cierre 2008<\/a><\/p>\n<p><a href=\"https:\/\/auditoria.usac.edu.gt\/wp-content\/uploads\/2014\/10\/DGF-4-2009.pdf\">DGF 4-2009 gu\u00eda para el uso de seguros para el a\u00f1o 2009<\/a><\/p>\n<p><a href=\"https:\/\/auditoria.usac.edu.gt\/wp-content\/uploads\/2014\/10\/DGF-10-2009.pdf\">DGF 10-2009 Informaci\u00f3n sobre Impuesto de Circulaci\u00f3n de Veh\u00edculos 2009<\/a><\/p>\n<p><a href=\"https:\/\/auditoria.usac.edu.gt\/wp-content\/uploads\/2014\/10\/DGF-15-2009.pdf\">DGF 15-2009 Obligaci\u00f3n del uso del Sistema de GUATECOMPRAS<\/a><\/p>\n<p><a href=\"https:\/\/auditoria.usac.edu.gt\/wp-content\/uploads\/2014\/10\/DGF-17-2009.pdf\">DGF 17-2009 Conocimiento del Uso de Sistema General de Ingresos Modulo I<\/a><\/p>\n<p><a href=\"https:\/\/auditoria.usac.edu.gt\/wp-content\/uploads\/2014\/10\/DGF-21-2009.pdf\">DGF 21-2009 Conocimiento sobre Modificaci\u00f3n a la Ley de Contrataciones<\/a><\/p>\n<p><a href=\"https:\/\/auditoria.usac.edu.gt\/wp-content\/uploads\/2014\/10\/DGF-22-2009.pdf\">DGF 22-2009 Conocimiento sobre Modificaciones a la Ley de Contrataciones<\/a><\/p>\n<p><a href=\"https:\/\/auditoria.usac.edu.gt\/wp-content\/uploads\/2014\/10\/DGF-23-2009.pdf\">DGF 23-2009 Publicaci\u00f3n de compras directas en GUATECOMPRAS<\/a><\/p>\n<p><a href=\"https:\/\/auditoria.usac.edu.gt\/wp-content\/uploads\/2014\/10\/DGF-24-2009.pdf\">DGF 24-2009 Vigencia Modulo I sobre ingresos<\/a><\/p>\n<p><a href=\"https:\/\/auditoria.usac.edu.gt\/wp-content\/uploads\/2014\/10\/DGF-496-2009.pdf\">DGF 496-2009 Paguese y autorizaci\u00f3n del gasto en ordenes de compra<\/a><\/p>\n<p><a href=\"https:\/\/auditoria.usac.edu.gt\/wp-content\/uploads\/2014\/10\/DGF-guia-de-cierre.pdf\">DGF gu\u00edas de cierre 2009<\/a><\/p>\n<p><a href=\"https:\/\/auditoria.usac.edu.gt\/wp-content\/uploads\/2014\/10\/DGF-1-20101.pdf\">DGF 1-2010 Conciliaciones Bancarias deben elaborarse en hojas autorizadas por la Contalor\u00eda de Cuentas<\/a><\/p>\n<p><a href=\"https:\/\/auditoria.usac.edu.gt\/wp-content\/uploads\/2014\/10\/DGF-08-20101.pdf\">DGF 08-2010 Modificaci\u00f3n del monto de gastos de fondos fijos<\/a><\/p>\n<p><a href=\"https:\/\/auditoria.usac.edu.gt\/wp-content\/uploads\/2014\/10\/DGF-16-20101.pdf\">DGF 16-2010 Uso de Oferta Electr\u00f3nica de compras directa a partir de julio 2010<\/a><\/p>\n<p><a href=\"https:\/\/auditoria.usac.edu.gt\/wp-content\/uploads\/2014\/10\/DGF-24-20101.pdf\">DGF 24-2010 Informaci\u00f3n sobre actualizaci\u00f3n Modulo II compras por Cotizaci\u00f3n<\/a><\/p>\n<p><a href=\"https:\/\/auditoria.usac.edu.gt\/wp-content\/uploads\/2014\/10\/DGF-25-20101.pdf\">DGF 25-2010 Gu\u00edas de cierre 2010<\/a><\/p>\n<p><a href=\"https:\/\/auditoria.usac.edu.gt\/wp-content\/uploads\/2014\/10\/DGF-28-20101.pdf\">DGF 28-2010 Entrega \u00faltima transferencia 2010<\/a><\/p>\n<p><a href=\"https:\/\/auditoria.usac.edu.gt\/wp-content\/uploads\/2014\/10\/DGF-1-2011.pdf\">DGF 1-2011 Presentaci\u00f3n de boleto de ornato 2011<\/a><\/p>\n<p><a href=\"https:\/\/auditoria.usac.edu.gt\/wp-content\/uploads\/2014\/10\/DGF-7-2011.pdf\">DGF 7-2011 Informaci\u00f3n sobre actualizaci\u00f3n Modulo I compras directas<\/a><\/p>\n<p><a href=\"https:\/\/auditoria.usac.edu.gt\/wp-content\/uploads\/2014\/10\/DGF-8-2011.pdf\">DGF 8-2011 Habilitaci\u00f3n de usuario comprador hijo operador y autorizador<\/a><\/p>\n<p><a href=\"https:\/\/auditoria.usac.edu.gt\/wp-content\/uploads\/2014\/10\/DGF-17-2011.pdf\">DGF 17-2011 Recepci\u00f3n de expedientes por compras por cotizaci\u00f3n<\/a><\/p>\n<p><a href=\"https:\/\/auditoria.usac.edu.gt\/wp-content\/uploads\/2014\/10\/DGF-18-2011.pdf\">DGF 18-2011 Ampliaci\u00f3n de fecha, apertura de cuentas para acreditar fondo fijos y dp<\/a><\/p>\n<p><a href=\"https:\/\/auditoria.usac.edu.gt\/wp-content\/uploads\/2014\/10\/DGF-4-2012.pdf\">DGF 4-2012 Vigencia del SIS modulo II, nombramientos, contrataci\u00f3n e historia laboral<\/a><\/p>\n<p><a href=\"https:\/\/auditoria.usac.edu.gt\/wp-content\/uploads\/2014\/10\/DGF-5-2012.pdf\">DGF 5-2012 Informaci\u00f3n sobre programaciones de compras y suministro en el 2012<\/a><\/p>\n<p><a href=\"https:\/\/auditoria.usac.edu.gt\/wp-content\/uploads\/2014\/10\/DGF-19-2012.pdf\">DGF 19-2012 Verificaci\u00f3n de las Cuentas Bancarias en el SIIF<\/a><\/p>\n<p><a href=\"https:\/\/auditoria.usac.edu.gt\/wp-content\/uploads\/2014\/10\/DGF-20-2012.pdf\">DGF 20-2012 Implementaci\u00f3n de la modalidad de compras por excepci\u00f3n en GUATECOMPRAS<\/a><\/p>\n<p><a href=\"https:\/\/auditoria.usac.edu.gt\/wp-content\/uploads\/2014\/10\/DGF-23-2012.pdf\">DGF 23-2012 ampliaci\u00f3n plazos gu\u00edas de cierre 2012<\/a><\/p>\n<p><a href=\"https:\/\/auditoria.usac.edu.gt\/wp-content\/uploads\/2014\/08\/Circular-Conjunta-No.001-2013.pdf\" rel=\"\">Circular Conjunta \u00a0DGF-AI No.001-2013 sobre ISR vi\u00e1ticos<\/a><\/p>\n<p><a href=\"https:\/\/auditoria.usac.edu.gt\/wp-content\/uploads\/2014\/08\/Circular-Conjunta-DGF-AI-2-2013-ISR.pdf\" rel=\"\">Circular Conjunta DGF-AI \u00a0No. 002-2013 sobre ISR Viaticos<\/a><\/p>\n<p><a href=\"https:\/\/auditoria.usac.edu.gt\/wp-content\/uploads\/2014\/10\/Circular-No.-DGF-005D-2014_0001-PROGRAMACION-COMPRAS.pdf\">DGF 005D-2014_0001-Programaci\u00f3n de compras<\/a><\/p>\n<p><a style=\"line-height: 1.714285714; font-size: 1rem;\" href=\"https:\/\/auditoria.usac.edu.gt\/wp-content\/uploads\/2014\/10\/DGF-7-2014-Informaci\u00f3n-sobre-promociones-pendientes-de-pagar.pdf\">DGF 7-2014 Informaci\u00f3n sobre promociones pendientes de pagar<\/a><\/p>\n<p><a href=\"https:\/\/auditoria.usac.edu.gt\/wp-content\/uploads\/2014\/10\/cm_presuCircDGF09-14.pdf\">DGF09-14 Pago de Promociones Docentes<\/a><\/p>\n<p><a href=\"https:\/\/auditoria.usac.edu.gt\/wp-content\/uploads\/2014\/10\/CIRCULAR-16D-2014-DGF-TRANSFERENCIAS.pdf\">CIRCULAR 16D-2014 elaboraci\u00f3n de \u00a0Fondo Fijo por el SIIF<\/a><\/p>\n<p><a href=\"https:\/\/auditoria.usac.edu.gt\/wp-content\/uploads\/2014\/10\/Circular-DGF-17A-2014.pdf\">Circular DGF 17A-2014 indicadores de Construcciones<\/a><\/p>\n<p><a href=\"https:\/\/auditoria.usac.edu.gt\/wp-content\/uploads\/2014\/10\/Circular-DGF-10A-2015-Per\u00edodo-de-vigencia-de-documentos-facturas-por-ventas-o-servicios-Articulo-29-del-reglamento-de-la-Ley-del-IVA.pdf\">Circular DGF 10A-2015 Per\u00edodo de vigencia de documentos (facturas) por ventas o servicios Articulo 29 del Reglamento de la Ley del IVA<\/a><\/p>\n<p><a href=\"https:\/\/auditoria.usac.edu.gt\/wp-content\/uploads\/2014\/10\/DGF-12-2015-Informacion-sobre-las-guias-de-Cierre.pdf\">DGF 12A-2015 Informaci\u00f3n sobre las Gu\u00edas de Cierre 2015<\/a><\/p>\n<p><a href=\"https:\/\/auditoria.usac.edu.gt\/wp-content\/uploads\/2014\/10\/CONTROL-DE-EXENCIONES.pdf\">DGF 13A-2015 Control de Exenciones<\/a><\/p>\n<p><a href=\"https:\/\/auditoria.usac.edu.gt\/wp-content\/uploads\/2014\/10\/Circular-2-2016-Publicaci\u00f3n-de-compras-baja-cuant\u00eda.pdf\" rel=\"\">DGF 2-2016 Publicaci\u00f3n de compras baja cuant\u00eda<\/a><\/p>\n<p><a href=\"https:\/\/auditoria.usac.edu.gt\/wp-content\/uploads\/2014\/10\/DGF-004D-2016-Tramite-de-polizas-para-EPS.pdf\" rel=\"\">DGF 004D-2016 Tr\u00e1mite de p\u00f3lizas para EPS<\/a><\/p>\n<p><a href=\"https:\/\/auditoria.usac.edu.gt\/wp-content\/uploads\/2014\/10\/DGF-05A-2016-Informaci\u00f3n-sobre-el-PAC.pdf\" rel=\"\">DGF 05A-2016 Informaci\u00f3n sobre el PAC<\/a><\/p>\n<p><a href=\"https:\/\/auditoria.usac.edu.gt\/wp-content\/uploads\/2014\/10\/CIRCULAR-DGF-007-2016-FRACCIONAMIENTO.pdf\" rel=\"\">DGF 007-2016 Fraccionamiento<\/a><\/p>\n<p><a href=\"https:\/\/auditoria.usac.edu.gt\/wp-content\/uploads\/2014\/10\/Circular-DGF-No.-008-2016.pdf\" rel=\"\">DGF No. 008-2016 Integraci\u00f3n Juntas de Cotizaci\u00f3n y Licitaci\u00f3n \u00a0y seguro y fianzas<\/a><\/p>\n<p><a href=\"https:\/\/auditoria.usac.edu.gt\/wp-content\/uploads\/2014\/10\/Circular-DGF-No.-009-2016.pdf\" rel=\"\">DGF No. 009-2016 Definici\u00f3n de Unidad Ejecutora en la USAC<\/a><\/p>\n<p><a href=\"https:\/\/auditoria.usac.edu.gt\/wp-content\/uploads\/2014\/10\/DGF-10-2016-Procedimiento-de-despacho-al-PP-y-BCIE.pdf\" rel=\"\">DGF 10-2016 Procedimiento de despacho al PP y BCIE<\/a><\/p>\n<p><a href=\"https:\/\/auditoria.usac.edu.gt\/wp-content\/uploads\/2014\/10\/DGF-No.-013-2016-Liquidaci\u00f3n-de-DP-de-Planilleros.pdf\" rel=\"\">DGF No. 013-2016 Liquidaci\u00f3n de DP de Planilleros<\/a><\/p>\n<p><a href=\"https:\/\/auditoria.usac.edu.gt\/wp-content\/uploads\/2014\/10\/DGF-No.-014D-2016-Envio-de-contratos-en-forma-fisica-y-electronica-a-la-CGC.pdf\" rel=\"\">DGF No. 014D-2016 Envio de contratos en forma f\u00edsica y electr\u00f3nica a la CGC<\/a><\/p>\n<p><a href=\"https:\/\/auditoria.usac.edu.gt\/wp-content\/uploads\/2014\/10\/DGF-2016-Nuevo-Reglamento-de-la-LCE.pdf\" rel=\"\">DGF-17-2016 Disposiciones sobre el Nuevo Reglamento de la LCE<\/a><\/p>\n<p><a href=\"https:\/\/auditoria.usac.edu.gt\/wp-content\/uploads\/2014\/10\/CIRCULAR-DGF-004-2017-MODIFICACION-PROC-COMPRA-Y-PAGO-DE-OdeC.pdf\" rel=\"\">DGF 004-2017 Modificaci\u00f3n Procedimiento de Compra y pago de Orden Compra<\/a><\/p>\n<p><a href=\"https:\/\/auditoria.usac.edu.gt\/wp-content\/uploads\/2014\/10\/CIRCULAR-DGF-05-2017-PUBLICACIONES-NPG.pdf\" rel=\"\">DGF 05-2017, Publicaciones \u00a0NPG<\/a><\/p>\n<p><a href=\"https:\/\/auditoria.usac.edu.gt\/wp-content\/uploads\/2018\/10\/DGF-006-2017-Modificaciones-al-M\u00f3dulo-II.pdf\">DGF 006-2017 Modificaciones al M\u00f3dulo II<\/a><\/p>\n<p><a href=\"https:\/\/auditoria.usac.edu.gt\/wp-content\/uploads\/2018\/10\/DGF-008-2017-Modificiones-Modulo-IV-Disponibilidades-financieras.pdf\">DGF 008-2017 Modificiones Modulo IV Disponibilidades financieras<\/a><\/p>\n<p><a href=\"https:\/\/auditoria.usac.edu.gt\/wp-content\/uploads\/2018\/10\/DGF-No.-11D-2017-Reformas-al-reglamento-de-vi\u00e1ticos.pdf\">DGF No. 11D-2017 Reformas al reglamento de vi\u00e1ticos<\/a><\/p>\n<p><a href=\"https:\/\/auditoria.usac.edu.gt\/wp-content\/uploads\/2018\/10\/DGF-018D-2017-Modificaci\u00f3n-Normas-Modulo-I-SGI.pdf\">DGF 018D-2017 Modificaci\u00f3n Normas Modulo I SGI<\/a><\/p>\n<p><a href=\"https:\/\/auditoria.usac.edu.gt\/wp-content\/uploads\/2018\/10\/DGF-No.-019D-2017-Modificaci\u00f3n-M\u00f3dulo-I.pdf\">DGF No. 019D-2017 Modificaci\u00f3n M\u00f3dulo I<\/a><\/p>\n<p><a href=\"https:\/\/auditoria.usac.edu.gt\/wp-content\/uploads\/2018\/10\/DGF-No.-20D-2017-Modificaci\u00f3n-gu\u00edas-cierre-2017.pdf\">DGF No. 20D-2017 Modificaci\u00f3n gu\u00edas cierre 2017<\/a><\/p>\n<p><a href=\"https:\/\/auditoria.usac.edu.gt\/wp-content\/uploads\/2018\/10\/DGF-No.034D-2017.pdf\">DGF No.034D-2017<\/a><\/p>\n<p><a href=\"https:\/\/auditoria.usac.edu.gt\/wp-content\/uploads\/2018\/10\/DGF-No.-0009D-2018-Guia-uso-de-Seguro-Veh\u00edculos.pdf\">DGF No. 0009D-2018 Guia uso de Seguro Veh\u00edculos<\/a><\/p>\n<p><a href=\"https:\/\/auditoria.usac.edu.gt\/wp-content\/uploads\/2018\/10\/DGF-No.-10D-2018-Fianza-de-Fidelidad-y-Manejo-de-Valores.pdf\">DGF No. 10D-2018 Fianza de Fidelidad y Manejo de Valores<\/a><\/p>\n<p><a href=\"https:\/\/auditoria.usac.edu.gt\/wp-content\/uploads\/2018\/10\/DGF-No.-013A-2018-Ofertas-Electr\u00f3nicas.pdf\">DGF No. 013A-2018 Ofertas Electr\u00f3nicas<\/a><\/p>\n<p><a href=\"https:\/\/auditoria.usac.edu.gt\/wp-content\/uploads\/2018\/10\/DGF-No.-14A-2018-Ofertas-Electr\u00f3nicas.pdf\">DGF No. 14A-2018 Ofertas Electr\u00f3nicas<\/a><\/p>\n<p><a href=\"https:\/\/auditoria.usac.edu.gt\/wp-content\/uploads\/2018\/10\/DGF-No.-17D-2018-Modificaci\u00f3n-fechas-guias-de-cierre.pdf\">DGF No. 17D-2018 Modificaci\u00f3n fechas gu\u00edas de cierre<\/a><\/p>\n<p><a href=\"https:\/\/auditoria.usac.edu.gt\/wp-content\/uploads\/2018\/10\/DGF-No.-18A-2018-Guias-de-Cierre-2018.pdf\">DGF No. 18A-2018 Gu\u00edas de Cierre 2018<\/a><\/p>\n<p><a href=\"https:\/\/auditoria.usac.edu.gt\/wp-content\/uploads\/2018\/10\/DGF-No.-20D-2018-Restricci\u00f3n-rengl\u00f3n-991.pdf\">DGF No. 20D-2018 Restricci\u00f3n rengl\u00f3n 991<\/a><\/p>\n<p><a href=\"https:\/\/auditoria.usac.edu.gt\/wp-content\/uploads\/2018\/10\/DGF-No.-21D-2018-Seguros-Informaci\u00f3n.pdf\">DGF No. 21D-2018 Seguros Informaci\u00f3n<\/a><\/p>\n<p><a href=\"https:\/\/auditoria.usac.edu.gt\/wp-content\/uploads\/2018\/10\/DGF-No.-23D-2018-Retenciones-ISR-integraci\u00f3n.pdf\">DGF No. 23D-2018 Retenciones ISR integraci\u00f3n\u00a0<\/a><\/p>\n<p><a href=\"https:\/\/auditoria.usac.edu.gt\/wp-content\/uploads\/2018\/10\/CIRCULAR-DGF-No.-24D-2018.-MEDIDAS-DE-AUSTERIDAD.pdf\">DGF No. 24D-2018. MEDIDAS DE AUSTERIDAD<\/a><\/p>\n<p><a href=\"https:\/\/auditoria.usac.edu.gt\/wp-content\/uploads\/2018\/10\/DGF-No.-067D-2018-Manual-de-Renglones-Presupuestarios-2018.pdf\">DGF No. 067D-2018 Manual-de-Renglones Presupuestarios-2018<\/a><\/p>\n<p><a href=\"https:\/\/auditoria.usac.edu.gt\/wp-content\/uploads\/2019\/01\/DGF-No.-01D-2019-referente-al-PAC-2019.pdf\">DGF No. 01D-2019 referente al PAC 2019<\/a><\/p>\n<p><a href=\"https:\/\/auditoria.usac.edu.gt\/wp-content\/uploads\/2019\/01\/DGF-No.-02D-2019-Polizas-Seguro-Veh\u00edculos.pdf\">DGF No. 02D-2019 P\u00f3lizas Seguro Veh\u00edculos<\/a><\/p>\n<p><a href=\"https:\/\/auditoria.usac.edu.gt\/wp-content\/uploads\/2019\/01\/DGF-No.-03D-2019-Actualizaci\u00f3n-de-seguros.pdf\">DGF No. 03D-2019 Actualizaci\u00f3n de seguros<\/a><\/p>\n<p><a href=\"https:\/\/auditoria.usac.edu.gt\/wp-content\/uploads\/2019\/01\/DGF-No.-004D-2019-Guia-seguro-Veh\u00edculos-2019.pdf\">DGF No. 004D-2019 Guia seguro Veh\u00edculos 2019<\/a><\/p>\n<p><a href=\"https:\/\/auditoria.usac.edu.gt\/wp-content\/uploads\/2019\/07\/Cricular-Conjunta-DGF-05D-2019-A-10-2019-Lineamientos-sobre-compras-baja-cuant\u00eda-y-compra-directa-1.pdf\">Circular Conjunta DGF 05D-2019 A-10-2019 Lineamientos sobre compras baja cuant\u00eda y compra directa<\/a><\/p>\n<p><a href=\"https:\/\/auditoria.usac.edu.gt\/wp-content\/uploads\/2019\/01\/DGF-No.-09A-2019-ampliaci\u00f3n-de-liquidaci\u00f3n-de-a\u00f1o-anterior.pdf\">DGF No. 09A-2019 ampliaci\u00f3n de liquidaci\u00f3n de a\u00f1o anterior<\/a><\/p>\n<p><a href=\"https:\/\/auditoria.usac.edu.gt\/wp-content\/uploads\/2019\/04\/DGF-No.-010D-2019-Aviso-del-Procedimiento-Bienes-Muebles.pdf\">DGF No. 010D-2019 Aviso del Procedimiento Bienes Muebles<\/a><\/p>\n<p><a href=\"https:\/\/auditoria.usac.edu.gt\/wp-content\/uploads\/2019\/04\/DGF-No.-11D-2019-ampliaci\u00f3n-publicaci\u00f3n-PAC.pdf\">DGF No. 11D-2019 ampliaci\u00f3n publicaci\u00f3n PAC<\/a><\/p>\n<p><a href=\"https:\/\/auditoria.usac.edu.gt\/wp-content\/uploads\/2019\/04\/DGF-012D-2019-Relativa-al-RGAE.pdf\">DGF 012D-2019 Relativa al RGAE<\/a> <a href=\"https:\/\/auditoria.usac.edu.gt\/wp-content\/uploads\/2019\/04\/DGF-No.-09A-2019-liquidaci\u00f3n-por-provisi\u00f3n-de-salarios.pdf\">DGF No.<\/a><\/p>\n<p><a href=\"https:\/\/auditoria.usac.edu.gt\/wp-content\/uploads\/2019\/04\/DGF-No.-013D-2019-factura-Electronica.pdf\">DGF No. 013D-2019 factura Electr\u00f3nica<\/a><\/p>\n<p><a href=\"https:\/\/auditoria.usac.edu.gt\/wp-content\/uploads\/2019\/07\/CIRCULAR-DGF-No.-017D-2019-Lineamientos-ampliaci\u00f3n-presupuestaria-2019.pdf\">DGF No. 017D-2019 Lineamientos ampliaci\u00f3n presupuestaria 2019<\/a><\/p>\n<p><a href=\"https:\/\/auditoria.usac.edu.gt\/wp-content\/uploads\/2019\/07\/Circular-DGF-022D-2019-Autorizaci\u00f3n-Nuevo-procedimeinto-pago-de-vi\u00e1ticos.pdf\">DGF 022D-2019 Autorizaci\u00f3n Nuevo procedimiento pago de vi\u00e1ticos<\/a><\/p>\n<p><a href=\"https:\/\/auditoria.usac.edu.gt\/wp-content\/uploads\/2019\/04\/DGF-No.-24D-2018-Medidas-de-Austeridad.pdf\">DGF No. 24D-2018 Medidas de Austeridad<\/a> <a href=\"https:\/\/auditoria.usac.edu.gt\/wp-content\/uploads\/2019\/04\/DGF-No.-025A-2018-RGAE.pdf\">DGF No. 025A-2018 RGAE<\/a><\/p>\n<p><a href=\"https:\/\/auditoria.usac.edu.gt\/wp-content\/uploads\/2019\/07\/Circular-DGF-No.-25D-2019-Autorizaci\u00f3n-Gu\u00edas-de-Cierre.pdf\">DGF No. 25D-2019 Autorizaci\u00f3n Gu\u00edas de Cierre<\/a><\/p>\n<p><a href=\"https:\/\/auditoria.usac.edu.gt\/wp-content\/uploads\/2019\/04\/DGF-No.-038D-2019-Acuerdo-de-Direcci\u00f3n-RGAE.pdf\">DGF No. 038D-2019 Acuerdo de Direcci\u00f3n RGAE<\/a><\/p>\n<p><a href=\"https:\/\/auditoria.usac.edu.gt\/wp-content\/uploads\/2019\/07\/AD-DGF-063D-2019-Modificaciones-al-029.pdf\">AD DGF 063D-2019 Modificaciones al 029<\/a><\/p>\n<p>&nbsp;<\/p>\n<h3>2. Manuales<\/h3>\n<p><a href=\"https:\/\/auditoria.usac.edu.gt\/wp-content\/uploads\/2014\/10\/Manual-DGF.pdf\">Manual de Organizaci\u00f3n de la \u00a0Direcci\u00f3n General Financiera<\/a><\/p>\n<h3>3. Oficios y referencias<\/h3>\n<p><a href=\"https:\/\/auditoria.usac.edu.gt\/wp-content\/uploads\/2014\/10\/DGF-1111-2012.pdf\">DGF 1111 2012 Conocimiento Acta 21-2012 ampliaci\u00f3n plazos compras menores<\/a><\/p>\n<p><a href=\"https:\/\/auditoria.usac.edu.gt\/wp-content\/uploads\/2014\/10\/OFICIO-DGF-No.-460A-2013-Lic.-Victor-Hugo.pdf\">DGF No. 460A-2013, \u00a0Ampliaci\u00f3n de \u00a0fechas Gu\u00edas de cierre 2013<\/a><\/p>\n<p><a href=\"https:\/\/auditoria.usac.edu.gt\/wp-content\/uploads\/2014\/10\/DGF-220-2016-oficio-Plan-Piloto-Ordenes-de-Compra.pdf\" rel=\"\">DGF 220-2016 oficio Plan Piloto Ordenes de Compra<\/a><\/p>\n<p><a href=\"https:\/\/auditoria.usac.edu.gt\/wp-content\/uploads\/2014\/10\/DGF-224-2016-Oficio-Autoridad-Competente-para-nombramiento-de-viaticos.pdf\" rel=\"\">DGF 224-2016 Oficio Autoridad Competente para nombramiento de vi\u00e1ticos<\/a><\/p>\n<p><a href=\"https:\/\/auditoria.usac.edu.gt\/wp-content\/uploads\/2018\/10\/DGF-124D-2017.pdf\">DGF 124D-2017 Moficaci\u00f3n al articulo 19 de\u00a0 Reglamento de Vi\u00e1ticos<\/a><\/p>\n<p><a href=\"https:\/\/auditoria.usac.edu.gt\/wp-content\/uploads\/2018\/10\/DGF-Acuerdo-de-Direcci\u00f3n-No.-082D-2018-Actualizaci\u00f3n-Formularios-SIC.pdf\">DGF Acuerdo de Direcci\u00f3n No. 082D-2018 Actualizaci\u00f3n Formularios SIC<\/a><\/p>\n<p><a href=\"https:\/\/auditoria.usac.edu.gt\/wp-content\/uploads\/2018\/10\/DGF-oficio-827A-2017-Servicios-de-Vigilancia.pdf\">DGF oficio 827A-2017 Servicios de Vigilancia<\/a><\/p>\n<p><a href=\"https:\/\/auditoria.usac.edu.gt\/wp-content\/uploads\/2018\/10\/DGF-AD-093D-2018.pdf\">DGF AD 093D-2018 cambio al Manual contable<\/a><\/p>\n<p><a href=\"https:\/\/auditoria.usac.edu.gt\/wp-content\/uploads\/2019\/01\/DGF-No.-1240A-2018-austeridad-funcionamiento-y-autofinanciable.pdf\">DGF No. 1240A-2018 austeridad funcionamiento y autofinanciable<\/a><\/p>\n<p><a href=\"https:\/\/auditoria.usac.edu.gt\/wp-content\/uploads\/2019\/01\/DGF-No.101D-2018-Acuedo-de-Direcci\u00f3n-sobre-sub-grupo-57.pdf\">DGF No.101D-2018 Acuerdo de Direcci\u00f3n sobre sub grupo 57<\/a><\/p>\n","protected":false},"excerpt":{"rendered":"<p>1. Circulares DGF 9-1991 Procedimiento para la compra de \u00a0maquinaria y equipo DGF 7-1996 Aspecto relacionados a conciliaciones bancarias DGF 2-98 Lineamientos para la contrataci\u00f3n 029 y grupo 18\u00a0*Derogado DGF 13-98 Registro contable equipo computo DGF 1-99 Modificaciones al Sistema<\/p>\n","protected":false},"author":3,"featured_media":0,"parent":14,"menu_order":12,"comment_status":"open","ping_status":"closed","template":"","meta":{"footnotes":""},"class_list":["post-303","page","type-page","status-publish","hentry"],"_links":{"self":[{"href":"https:\/\/auditoria.usac.edu.gt\/index.php?rest_route=\/wp\/v2\/pages\/303","targetHints":{"allow":["GET"]}}],"collection":[{"href":"https:\/\/auditoria.usac.edu.gt\/index.php?rest_route=\/wp\/v2\/pages"}],"about":[{"href":"https:\/\/auditoria.usac.edu.gt\/index.php?rest_route=\/wp\/v2\/types\/page"}],"author":[{"embeddable":true,"href":"https:\/\/auditoria.usac.edu.gt\/index.php?rest_route=\/wp\/v2\/users\/3"}],"replies":[{"embeddable":true,"href":"https:\/\/auditoria.usac.edu.gt\/index.php?rest_route=%2Fwp%2Fv2%2Fcomments&post=303"}],"version-history":[{"count":43,"href":"https:\/\/auditoria.usac.edu.gt\/index.php?rest_route=\/wp\/v2\/pages\/303\/revisions"}],"predecessor-version":[{"id":1953,"href":"https:\/\/auditoria.usac.edu.gt\/index.php?rest_route=\/wp\/v2\/pages\/303\/revisions\/1953"}],"up":[{"embeddable":true,"href":"https:\/\/auditoria.usac.edu.gt\/index.php?rest_route=\/wp\/v2\/pages\/14"}],"wp:attachment":[{"href":"https:\/\/auditoria.usac.edu.gt\/index.php?rest_route=%2Fwp%2Fv2%2Fmedia&parent=303"}],"curies":[{"name":"wp","href":"https:\/\/api.w.org\/{rel}","templated":true}]}}