{"id":367,"date":"2014-10-09T17:25:13","date_gmt":"2014-10-09T17:25:13","guid":{"rendered":"https:\/\/auditoria.usac.edu.gt\/?page_id=367"},"modified":"2019-04-10T16:26:38","modified_gmt":"2019-04-10T16:26:38","slug":"procesamiento-electronico-de-datos-ped","status":"publish","type":"page","link":"https:\/\/auditoria.usac.edu.gt\/?page_id=367","title":{"rendered":"Departamento de Procesamiento de Datos DPD"},"content":{"rendered":"<p><a href=\"https:\/\/auditoria.usac.edu.gt\/wp-content\/uploads\/2014\/10\/01-2010-paginas-nuevos-procedimientos.pdf\">01-2010 Paginas nuevos procedimientos<\/a><\/p>\n<p><a style=\"line-height: 1.714285714; font-size: 1rem;\" href=\"https:\/\/auditoria.usac.edu.gt\/wp-content\/uploads\/2014\/10\/DPD-001-2011HABILITACION-Y-REINTEGRO-DE-FONDO-FIJO.pdf\">DPD-001-2011 \u00a0Habilitaci\u00f3n y reintegro de Fondo Fijo<\/a><\/p>\n<p><a href=\"https:\/\/auditoria.usac.edu.gt\/wp-content\/uploads\/2014\/10\/Nota-de-Servicio-Celular-Jefatura.pdf\">Ref. DPD 336-2011 Nota de Servicio Celular Jefatura<\/a><\/p>\n<p><a href=\"https:\/\/auditoria.usac.edu.gt\/wp-content\/uploads\/2014\/10\/asignaci\u00f3n-de-fondo-fijo.pps\">Manual de Asignaci\u00f3n de fondo fijo<\/a><\/p>\n<p><a href=\"https:\/\/auditoria.usac.edu.gt\/wp-content\/uploads\/2014\/10\/DPD-4-2016-Viabilizaci\u00f3n-de-la-Ejecuci\u00f3n-Presupuestaria-servicios-personales.pdf\" rel=\"\">DPD 4-2016 Viabilizaci\u00f3n de la Ejecuci\u00f3n Presupuestaria (servicios personales)<\/a><\/p>\n<p><a href=\"https:\/\/auditoria.usac.edu.gt\/wp-content\/uploads\/2018\/10\/DPD-No.003-2018-Uso-adecuado-de-internet.pdf\">DPD No.003-2018 Uso adecuado de internet<\/a><\/p>\n<p><a href=\"https:\/\/auditoria.usac.edu.gt\/wp-content\/uploads\/2019\/04\/PED-01-2019-tasas-arbitrios-a-subir-en-el-SIG.pdf\">DPD 01-2019 tasas, arbitrios a subir en el SIG<\/a><\/p>\n","protected":false},"excerpt":{"rendered":"<p>01-2010 Paginas nuevos procedimientos DPD-001-2011 \u00a0Habilitaci\u00f3n y reintegro de Fondo Fijo Ref. DPD 336-2011 Nota de Servicio Celular Jefatura Manual de Asignaci\u00f3n de fondo fijo DPD 4-2016 Viabilizaci\u00f3n de la Ejecuci\u00f3n Presupuestaria (servicios personales) DPD No.003-2018 Uso adecuado de internet<\/p>\n","protected":false},"author":3,"featured_media":0,"parent":14,"menu_order":13,"comment_status":"open","ping_status":"closed","template":"","meta":{"footnotes":""},"class_list":["post-367","page","type-page","status-publish","hentry"],"_links":{"self":[{"href":"https:\/\/auditoria.usac.edu.gt\/index.php?rest_route=\/wp\/v2\/pages\/367","targetHints":{"allow":["GET"]}}],"collection":[{"href":"https:\/\/auditoria.usac.edu.gt\/index.php?rest_route=\/wp\/v2\/pages"}],"about":[{"href":"https:\/\/auditoria.usac.edu.gt\/index.php?rest_route=\/wp\/v2\/types\/page"}],"author":[{"embeddable":true,"href":"https:\/\/auditoria.usac.edu.gt\/index.php?rest_route=\/wp\/v2\/users\/3"}],"replies":[{"embeddable":true,"href":"https:\/\/auditoria.usac.edu.gt\/index.php?rest_route=%2Fwp%2Fv2%2Fcomments&post=367"}],"version-history":[{"count":7,"href":"https:\/\/auditoria.usac.edu.gt\/index.php?rest_route=\/wp\/v2\/pages\/367\/revisions"}],"predecessor-version":[{"id":1909,"href":"https:\/\/auditoria.usac.edu.gt\/index.php?rest_route=\/wp\/v2\/pages\/367\/revisions\/1909"}],"up":[{"embeddable":true,"href":"https:\/\/auditoria.usac.edu.gt\/index.php?rest_route=\/wp\/v2\/pages\/14"}],"wp:attachment":[{"href":"https:\/\/auditoria.usac.edu.gt\/index.php?rest_route=%2Fwp%2Fv2%2Fmedia&parent=367"}],"curies":[{"name":"wp","href":"https:\/\/api.w.org\/{rel}","templated":true}]}}