{"id":45,"date":"2014-08-18T21:17:54","date_gmt":"2014-08-18T21:17:54","guid":{"rendered":"https:\/\/auditoria.usac.edu.gt\/?page_id=45"},"modified":"2018-10-08T16:22:40","modified_gmt":"2018-10-08T16:22:40","slug":"asuntos-juridicos","status":"publish","type":"page","link":"https:\/\/auditoria.usac.edu.gt\/?page_id=45","title":{"rendered":"Direcci\u00f3n de Asuntos Juridicos"},"content":{"rendered":"<p>Ac\u00e1 se encuentran algunos documentos de la Direcci\u00f3n de Asuntos Jur\u00eddicos<\/p>\n<p><a href=\"https:\/\/auditoria.usac.edu.gt\/wp-content\/uploads\/2014\/08\/DAJ-307-94.pdf\">DAJ 307-94 Recurso de apelaci\u00f3n en caso de despidos<\/a><\/p>\n<p><a href=\"https:\/\/auditoria.usac.edu.gt\/wp-content\/uploads\/2014\/08\/DAJ-7-97-03.pdf\">DAJ 7-97 (03) Entrega de cheques a personas no beneficiarias<\/a><\/p>\n<p><a href=\"https:\/\/auditoria.usac.edu.gt\/wp-content\/uploads\/2014\/08\/DAJ-21-2-2000.pdf\">DAJ 21-2-2000 Opini\u00f3n sobre jornadas de trabajo mixta<\/a><\/p>\n<p><a style=\"line-height: 1.714285714; font-size: 1rem;\" href=\"https:\/\/auditoria.usac.edu.gt\/wp-content\/uploads\/2014\/08\/DAJ-4-4-2006.pdf\">DAJ 4-4-2006 Administrativos pueden practicar ex\u00e1menes privados y p\u00fablicos \u00a0<\/a><\/p>\n<p><a href=\"https:\/\/auditoria.usac.edu.gt\/wp-content\/uploads\/2014\/08\/DAJ-5-2010.pdf\">DAJ 5-2010 Validez de las firmas en facs\u00edmil<\/a><\/p>\n<p><a style=\"line-height: 1.714285714; font-size: 1rem;\" href=\"https:\/\/auditoria.usac.edu.gt\/wp-content\/uploads\/2014\/08\/DAJ-No.-001-2013-Lic.Victor-Hugo.pdf\">DAJ No. 001-2013 Opini\u00f3n sobre indemnizar a una persona que ya tuvo una relaci\u00f3n laboral con la USAC<\/a><\/p>\n<p><a href=\"https:\/\/auditoria.usac.edu.gt\/wp-content\/uploads\/2014\/08\/Direccion-de-asuntos-juridicos-de-la-USAC-Lic.-Fredy.pdf\">Opini\u00f3n de la Direcci\u00f3n \u00a0Normativa de Contrataciones del Estado respecto a consultas de la DAJ, respecto a la LCE<\/a><\/p>\n<p><a href=\"https:\/\/auditoria.usac.edu.gt\/wp-content\/uploads\/2014\/08\/DAJ-010-2015-Opini\u00f3n-de-sobre-tarjetas-de-responsabilidad.pdf\">DAJ 010-2015 Opini\u00f3n de sobre tarjetas de responsabilidad<\/a><\/p>\n<p><a href=\"https:\/\/auditoria.usac.edu.gt\/wp-content\/uploads\/2014\/08\/DAJ-011-2015-Opini\u00f3n-sobre-autorizaci\u00f3n-de-actas-de-ex\u00e1menes-academicos.pdf\">DAJ 011-2015 Opini\u00f3n sobre autorizaci\u00f3n de actas de ex\u00e1menes acad\u00e9micos<\/a><\/p>\n<p><a href=\"https:\/\/auditoria.usac.edu.gt\/wp-content\/uploads\/2014\/08\/DAJ-1-2016-Sentencia-de-CC-sobre-retiro-obligatorio.pdf\" rel=\"\">DAJ 1-2016 Sentencia de CC sobre retiro obligatorio<\/a><\/p>\n<p><a href=\"https:\/\/auditoria.usac.edu.gt\/wp-content\/uploads\/2014\/08\/OPINION-DAJ-034-2016.pdf\" rel=\"\">DAJ 034-2016 Opini\u00f3n sobre parentesco para cargos universitarios<\/a><\/p>\n<p><a href=\"https:\/\/auditoria.usac.edu.gt\/wp-content\/uploads\/2018\/10\/SG-DAJ-No.-001-2017-Cotrataci\u00f3n-Jubilados.pdf\">SG-DAJ No. 001-2017 Contrataci\u00f3n Jubilados<\/a><\/p>\n<p><a href=\"https:\/\/auditoria.usac.edu.gt\/wp-content\/uploads\/2018\/10\/SG-DAJ-No.-003-2017-Declaraci\u00f3n-Juradad-de-cargos.pdf\">SG-DAJ No. 003-2017 Declaraci\u00f3n Jurada de cargos<\/a><\/p>\n","protected":false},"excerpt":{"rendered":"<p>Ac\u00e1 se encuentran algunos documentos de la Direcci\u00f3n de Asuntos Jur\u00eddicos DAJ 307-94 Recurso de apelaci\u00f3n en caso de despidos DAJ 7-97 (03) Entrega de cheques a personas no beneficiarias DAJ 21-2-2000 Opini\u00f3n sobre jornadas de trabajo mixta DAJ 4-4-2006<\/p>\n","protected":false},"author":3,"featured_media":0,"parent":14,"menu_order":2,"comment_status":"open","ping_status":"closed","template":"","meta":{"footnotes":""},"class_list":["post-45","page","type-page","status-publish","hentry"],"_links":{"self":[{"href":"https:\/\/auditoria.usac.edu.gt\/index.php?rest_route=\/wp\/v2\/pages\/45","targetHints":{"allow":["GET"]}}],"collection":[{"href":"https:\/\/auditoria.usac.edu.gt\/index.php?rest_route=\/wp\/v2\/pages"}],"about":[{"href":"https:\/\/auditoria.usac.edu.gt\/index.php?rest_route=\/wp\/v2\/types\/page"}],"author":[{"embeddable":true,"href":"https:\/\/auditoria.usac.edu.gt\/index.php?rest_route=\/wp\/v2\/users\/3"}],"replies":[{"embeddable":true,"href":"https:\/\/auditoria.usac.edu.gt\/index.php?rest_route=%2Fwp%2Fv2%2Fcomments&post=45"}],"version-history":[{"count":13,"href":"https:\/\/auditoria.usac.edu.gt\/index.php?rest_route=\/wp\/v2\/pages\/45\/revisions"}],"predecessor-version":[{"id":1983,"href":"https:\/\/auditoria.usac.edu.gt\/index.php?rest_route=\/wp\/v2\/pages\/45\/revisions\/1983"}],"up":[{"embeddable":true,"href":"https:\/\/auditoria.usac.edu.gt\/index.php?rest_route=\/wp\/v2\/pages\/14"}],"wp:attachment":[{"href":"https:\/\/auditoria.usac.edu.gt\/index.php?rest_route=%2Fwp%2Fv2%2Fmedia&parent=45"}],"curies":[{"name":"wp","href":"https:\/\/api.w.org\/{rel}","templated":true}]}}