{"id":545,"date":"2014-10-10T14:54:31","date_gmt":"2014-10-10T14:54:31","guid":{"rendered":"https:\/\/auditoria.usac.edu.gt\/?page_id=545"},"modified":"2018-10-08T16:31:57","modified_gmt":"2018-10-08T16:31:57","slug":"servicios-generales","status":"publish","type":"page","link":"https:\/\/auditoria.usac.edu.gt\/?page_id=545","title":{"rendered":"Servicios Generales"},"content":{"rendered":"<h3>1. Circulares<\/h3>\n<p><a href=\"https:\/\/auditoria.usac.edu.gt\/wp-content\/uploads\/2014\/10\/2-2005-Autorizacion-para-remodelaciones.pdf\">DSG 2-2005 Autorizaci\u00f3n para remodelaciones<\/a><\/p>\n<p><a href=\"https:\/\/auditoria.usac.edu.gt\/wp-content\/uploads\/2014\/10\/Circular-D.S.No_.005-2012-Lic-Victor-Hugo.pdf\">DSG. 005-2012. Calcoman\u00edas de circulaci\u00f3n de veh\u00edculo 2013<\/a><\/p>\n<p><a href=\"https:\/\/auditoria.usac.edu.gt\/wp-content\/uploads\/2014\/10\/Circular_Divisi\u00f3n_de_Servicios_Generales.pdf\">DSG 2-2012 Requisitos \u00a0de remodelaciones y ampliaciones antes de cotizar<\/a><\/p>\n<p><a href=\"https:\/\/auditoria.usac.edu.gt\/wp-content\/uploads\/2014\/10\/Circular-TELGUA-Lic.-Manuel-Huertas.pdf\">DSG. 03-2012 Facturaci\u00f3n electr\u00f3nica de TELGUA<\/a><\/p>\n<p><a href=\"https:\/\/auditoria.usac.edu.gt\/wp-content\/uploads\/2014\/10\/Identificacion-de-Vehiculos-y-obligaciones-de-los-choferes.pdf\">DSG 9-2014 Identificaci\u00f3n de veh\u00edculos y obligaciones de los choferes<\/a><\/p>\n<p><a href=\"https:\/\/auditoria.usac.edu.gt\/wp-content\/uploads\/2014\/10\/Decreto-15-2014-LEY-PREVENTIVA-DE-HECHOS-COLECTIVOS-DE-TR\u00c1NSITO.pdf\">Decreto 15-2014 Ley preventiva de hechos colectivos de transito<\/a><\/p>\n<p><a href=\"https:\/\/auditoria.usac.edu.gt\/wp-content\/uploads\/2014\/10\/Circular-D.S.-02-2016-Solicitud-de-Vehiculos-y-Pilotos.pdf\" rel=\"\">DGS 02-2016 Solicitud de Veh\u00edculos y Pilotos<\/a><\/p>\n<p><a href=\"https:\/\/auditoria.usac.edu.gt\/wp-content\/uploads\/2014\/10\/DSG-04-2017-Pago-impuesto-circulaci\u00f3n-2017.pdf\" rel=\"\">DSG 04-2017 Pago impuesto circulaci\u00f3n 2017<\/a><\/p>\n<p><a href=\"https:\/\/auditoria.usac.edu.gt\/wp-content\/uploads\/2018\/10\/DS-04-2018-Impuesto-de-circulaci\u00f3n-de-veh\u00edculos.pdf\">DS 04-2018 Impuesto de circulaci\u00f3n de veh\u00edculos<\/a><\/p>\n<p>&nbsp;<\/p>\n","protected":false},"excerpt":{"rendered":"<p>1. Circulares DSG 2-2005 Autorizaci\u00f3n para remodelaciones DSG. 005-2012. Calcoman\u00edas de circulaci\u00f3n de veh\u00edculo 2013 DSG 2-2012 Requisitos \u00a0de remodelaciones y ampliaciones antes de cotizar DSG. 03-2012 Facturaci\u00f3n electr\u00f3nica de TELGUA DSG 9-2014 Identificaci\u00f3n de veh\u00edculos y obligaciones de los<\/p>\n","protected":false},"author":2,"featured_media":0,"parent":14,"menu_order":18,"comment_status":"open","ping_status":"open","template":"","meta":{"footnotes":""},"class_list":["post-545","page","type-page","status-publish","hentry"],"_links":{"self":[{"href":"https:\/\/auditoria.usac.edu.gt\/index.php?rest_route=\/wp\/v2\/pages\/545","targetHints":{"allow":["GET"]}}],"collection":[{"href":"https:\/\/auditoria.usac.edu.gt\/index.php?rest_route=\/wp\/v2\/pages"}],"about":[{"href":"https:\/\/auditoria.usac.edu.gt\/index.php?rest_route=\/wp\/v2\/types\/page"}],"author":[{"embeddable":true,"href":"https:\/\/auditoria.usac.edu.gt\/index.php?rest_route=\/wp\/v2\/users\/2"}],"replies":[{"embeddable":true,"href":"https:\/\/auditoria.usac.edu.gt\/index.php?rest_route=%2Fwp%2Fv2%2Fcomments&post=545"}],"version-history":[{"count":11,"href":"https:\/\/auditoria.usac.edu.gt\/index.php?rest_route=\/wp\/v2\/pages\/545\/revisions"}],"predecessor-version":[{"id":1768,"href":"https:\/\/auditoria.usac.edu.gt\/index.php?rest_route=\/wp\/v2\/pages\/545\/revisions\/1768"}],"up":[{"embeddable":true,"href":"https:\/\/auditoria.usac.edu.gt\/index.php?rest_route=\/wp\/v2\/pages\/14"}],"wp:attachment":[{"href":"https:\/\/auditoria.usac.edu.gt\/index.php?rest_route=%2Fwp%2Fv2%2Fmedia&parent=545"}],"curies":[{"name":"wp","href":"https:\/\/api.w.org\/{rel}","templated":true}]}}