{"id":572,"date":"2014-10-10T15:19:35","date_gmt":"2014-10-10T15:19:35","guid":{"rendered":"https:\/\/auditoria.usac.edu.gt\/?page_id=572"},"modified":"2016-10-18T19:16:47","modified_gmt":"2016-10-18T19:16:47","slug":"egresos","status":"publish","type":"page","link":"https:\/\/auditoria.usac.edu.gt\/?page_id=572","title":{"rendered":"Egresos"},"content":{"rendered":"<p><a href=\"https:\/\/auditoria.usac.edu.gt\/wp-content\/uploads\/2014\/10\/Ayuda-Economica-20111.pdf\">Ayuda econ\u00f3mica 2011<\/a><\/p>\n<p><a href=\"https:\/\/auditoria.usac.edu.gt\/wp-content\/uploads\/2014\/10\/Ayudas-becarias-20121.pdf\">Ayudas becarias 2012<\/a><\/p>\n<p><a href=\"https:\/\/auditoria.usac.edu.gt\/wp-content\/uploads\/2014\/10\/Copia-de-FORMATOS-INTEGRADOS-SIC.FINAL_1.xls\">Copia de formatos integrado SIC final<\/a><\/p>\n<p><a href=\"https:\/\/auditoria.usac.edu.gt\/wp-content\/uploads\/2014\/10\/FORMULARIOS-AB-USAC-01-07-20111.xls\">Formularios AB-USAC 01-07 2011<\/a><\/p>\n<p><a href=\"https:\/\/auditoria.usac.edu.gt\/wp-content\/uploads\/2014\/10\/manualesManual-SIIF-ModulodeCompras-FaseI1.pdf\">Manual -SIIF- modulo de compras- Fase I<\/a><\/p>\n<p><a href=\"https:\/\/auditoria.usac.edu.gt\/wp-content\/uploads\/2014\/10\/Modulo-I-Compras-Directas.pdf\">Modulo I Compras Directas derogado<\/a><\/p>\n<p><a href=\"https:\/\/auditoria.usac.edu.gt\/wp-content\/uploads\/2014\/10\/MODULO-I-COMPRA-DIRECTA-04-10-16.pdf\" rel=\"\">MODULO-I-COMPRA-DIRECTA-04-10-16 Actualizado<\/a><\/p>\n<p><a style=\"line-height: 1.714285714; font-size: 1rem;\" href=\"https:\/\/auditoria.usac.edu.gt\/wp-content\/uploads\/2014\/10\/Modulo-II1.pdf\">Modulo \u00a0II Compras por cotizaci\u00f3n derogado<\/a><\/p>\n<p><a href=\"https:\/\/auditoria.usac.edu.gt\/wp-content\/uploads\/2014\/10\/MODULO-II-REGIMEN-DE-COTIZACION-04-10.16.pdf\" rel=\"\">MODULO-II-R\u00c9GIMEN-DE-COTIZACI\u00d3N-04-10.16 Actualizado<\/a><\/p>\n<p><a href=\"https:\/\/auditoria.usac.edu.gt\/wp-content\/uploads\/2014\/10\/MODULO-III-LICITACION-PUBLICA-17-10-16.pdf\" rel=\"\">MODULO-III-LICITACI\u00d3N-PUBLICA-17-10-16<\/a><\/p>\n<p><a href=\"https:\/\/auditoria.usac.edu.gt\/wp-content\/uploads\/2014\/10\/M\u00f3dulo-IV-CONSTRUCCI\u00d3N-DE-OBRAS-17-10-16.pdf\" rel=\"\">M\u00f3dulo-IV-CONSTRUCCI\u00d3N-DE-OBRAS-17-10-16<\/a><\/p>\n<p><a href=\"https:\/\/auditoria.usac.edu.gt\/wp-content\/uploads\/2014\/10\/Modulo-V-SUBASTA-ELECTRONICA-INVERSA-11102016.pdf\" rel=\"\">Modulo-V-SUBASTA-ELECTR\u00d3NICA-INVERSA-11102016<\/a><\/p>\n<p><a href=\"https:\/\/auditoria.usac.edu.gt\/wp-content\/uploads\/2014\/10\/Regl.-Viaticos1.pdf\">Reglamento de vi\u00e1ticos (modificado)<\/a><\/p>\n<p><a href=\"https:\/\/auditoria.usac.edu.gt\/wp-content\/uploads\/2014\/10\/Reglamento-de-Viaticos-Actualizado.pdf\">Reglamento de Vi\u00e1ticos Actualizado<\/a>\u00a0al 2015 tama\u00f1o media carta<\/p>\n<p><a href=\"https:\/\/auditoria.usac.edu.gt\/wp-content\/uploads\/2014\/10\/Acta-20-2014-Reglamento-de-Vi\u00e1ticos.pdf\">Acta-20-2014 Reglamento de Vi\u00e1ticos<\/a><\/p>\n<p><a href=\"https:\/\/auditoria.usac.edu.gt\/wp-content\/uploads\/2014\/10\/Manual-de-Normas-y-Procedimiento-se-Vi\u00e1ticos-final-22072015-1.pdf\">Manual-de-Normas-y-Procedimiento-de-Vi\u00e1ticos-final-22072015-1<\/a><\/p>\n<p><a href=\"https:\/\/auditoria.usac.edu.gt\/wp-content\/uploads\/2014\/10\/Publicacion-del-reglamento-de-Viaticos-en-el-Diario-Oficial.pdf\">Reglamento de Vi\u00e1ticos actualizado y publicado en el Diario Oficial<\/a><\/p>\n<p><a href=\"https:\/\/auditoria.usac.edu.gt\/wp-content\/uploads\/2014\/10\/Ampliaci\u00f3n-al-aticulo-17-del-Reglamento-de-Viaticos.pdf\">Ampliaci\u00f3n al articulo 17 del Reglamento de Vi\u00e1ticos<\/a><\/p>\n<p><a href=\"https:\/\/auditoria.usac.edu.gt\/wp-content\/uploads\/2014\/10\/Tabla-recorridos-Km.pdf\">Tabla recorridos Km<\/a><\/p>\n","protected":false},"excerpt":{"rendered":"<p>Ayuda econ\u00f3mica 2011 Ayudas becarias 2012 Copia de formatos integrado SIC final Formularios AB-USAC 01-07 2011 Manual -SIIF- modulo de compras- Fase I Modulo I Compras Directas derogado MODULO-I-COMPRA-DIRECTA-04-10-16 Actualizado Modulo \u00a0II Compras por cotizaci\u00f3n derogado MODULO-II-R\u00c9GIMEN-DE-COTIZACI\u00d3N-04-10.16 Actualizado MODULO-III-LICITACI\u00d3N-PUBLICA-17-10-16 M\u00f3dulo-IV-CONSTRUCCI\u00d3N-DE-OBRAS-17-10-16<\/p>\n","protected":false},"author":2,"featured_media":0,"parent":559,"menu_order":1,"comment_status":"open","ping_status":"closed","template":"","meta":{"footnotes":""},"class_list":["post-572","page","type-page","status-publish","hentry"],"_links":{"self":[{"href":"https:\/\/auditoria.usac.edu.gt\/index.php?rest_route=\/wp\/v2\/pages\/572","targetHints":{"allow":["GET"]}}],"collection":[{"href":"https:\/\/auditoria.usac.edu.gt\/index.php?rest_route=\/wp\/v2\/pages"}],"about":[{"href":"https:\/\/auditoria.usac.edu.gt\/index.php?rest_route=\/wp\/v2\/types\/page"}],"author":[{"embeddable":true,"href":"https:\/\/auditoria.usac.edu.gt\/index.php?rest_route=\/wp\/v2\/users\/2"}],"replies":[{"embeddable":true,"href":"https:\/\/auditoria.usac.edu.gt\/index.php?rest_route=%2Fwp%2Fv2%2Fcomments&post=572"}],"version-history":[{"count":16,"href":"https:\/\/auditoria.usac.edu.gt\/index.php?rest_route=\/wp\/v2\/pages\/572\/revisions"}],"predecessor-version":[{"id":1562,"href":"https:\/\/auditoria.usac.edu.gt\/index.php?rest_route=\/wp\/v2\/pages\/572\/revisions\/1562"}],"up":[{"embeddable":true,"href":"https:\/\/auditoria.usac.edu.gt\/index.php?rest_route=\/wp\/v2\/pages\/559"}],"wp:attachment":[{"href":"https:\/\/auditoria.usac.edu.gt\/index.php?rest_route=%2Fwp%2Fv2%2Fmedia&parent=572"}],"curies":[{"name":"wp","href":"https:\/\/api.w.org\/{rel}","templated":true}]}}