{"id":597,"date":"2014-10-10T15:39:38","date_gmt":"2014-10-10T15:39:38","guid":{"rendered":"https:\/\/auditoria.usac.edu.gt\/?page_id=597"},"modified":"2019-06-06T15:30:47","modified_gmt":"2019-06-06T15:30:47","slug":"otros-procedimientos","status":"publish","type":"page","link":"https:\/\/auditoria.usac.edu.gt\/?page_id=597","title":{"rendered":"Otros procedimientos y regulaciones internas"},"content":{"rendered":"<p><a href=\"https:\/\/auditoria.usac.edu.gt\/wp-content\/uploads\/2019\/04\/JUP-01-2019-No-despedir-hasta-que-finalicen-los-procesos-de-impugnaci\u00f3n.pdf\">JUP-01-2019 No despedir hasta que finalicen los procesos de impugnaci\u00f3n<\/a><\/p>\n<p><a style=\"line-height: 1.714285714; font-size: 1rem;\" href=\"https:\/\/auditoria.usac.edu.gt\/wp-content\/uploads\/2014\/10\/politica-de-atencion-a-la-poblacion-con-discapacidad-usac-acuerdo.pdf\">Politica-de-atencion-a-la-poblaci\u00f3n-con-discapacidad-usac-acuerdo<\/a><\/p>\n<p><a href=\"https:\/\/auditoria.usac.edu.gt\/wp-content\/uploads\/2014\/10\/Conc.-Banc.-Of.-Centrales.pdf\">Conciliaciones Bancarias \u00a0Oficinas Centrales<\/a><\/p>\n<p><a href=\"https:\/\/auditoria.usac.edu.gt\/wp-content\/uploads\/2014\/10\/Instructivo-Activos-Fijos.pdf\">Instructivo Activos Fijos<\/a><\/p>\n<p><a href=\"https:\/\/auditoria.usac.edu.gt\/wp-content\/uploads\/2014\/10\/Manual-Archivo-General.pdf\">Manual Archivo General<\/a><\/p>\n<p><a href=\"https:\/\/auditoria.usac.edu.gt\/wp-content\/uploads\/2014\/10\/manual_usuario_tesorero.pdf\">manual_usuario_tesorero sobre el programa de Ejecuci\u00f2n Presupuestaria<\/a><\/p>\n<p><a href=\"https:\/\/auditoria.usac.edu.gt\/wp-content\/uploads\/2014\/10\/Manuales-MODULO-III-PROCEDS.-Autorizado-18-11-13.pdf\">Manuales MODULO III, \u00a0Procedimiento sobre bienes dados de baja autorizado 18-11-13<\/a><\/p>\n<p><a href=\"https:\/\/auditoria.usac.edu.gt\/wp-content\/uploads\/2014\/10\/manuales-Seguros-usac-2012.pdf\">manuales Seguros USAC 2012<\/a><\/p>\n<p><a href=\"https:\/\/auditoria.usac.edu.gt\/wp-content\/uploads\/2014\/10\/Modulo-I-Activos-Fijos.pdf\">Modulo I Activos Fijos<\/a><\/p>\n<p><a href=\"https:\/\/auditoria.usac.edu.gt\/wp-content\/uploads\/2014\/10\/POLITICA-AMBIENTAL-DE-LA-USAC.pdf\">Pol\u00edtica Ambiental de la USAC<\/a><\/p>\n<p><a href=\"https:\/\/auditoria.usac.edu.gt\/wp-content\/uploads\/2014\/10\/Procedimiento-General-181-Final-septiembre-2013.pdf\">Procedimiento General 181 Final septiembre 2013<\/a><\/p>\n<p><a href=\"https:\/\/auditoria.usac.edu.gt\/wp-content\/uploads\/2014\/10\/Reglamento-para-la-Venta-de-Productos-Agricolas-y-Pecuarios-de-la-Universidad-de-San-Carlos-de-Guatemala-1999.pdf\">Reglamento para la Venta de Productos Agr\u00edcolas y Pecuarios de la Universidad de San Carlos de Guatemala 1999<\/a><\/p>\n<p><a href=\"https:\/\/auditoria.usac.edu.gt\/wp-content\/uploads\/2014\/10\/CAC-2-2011-Prohibici\u00f2n-de-ventas-de-trabajadore-en-su-lugar-de-labores1.pdf\">CAC 2-2011 Prohibici\u00f3n de ventas de trabajadores en su lugar de labores<\/a><\/p>\n<p><a href=\"https:\/\/auditoria.usac.edu.gt\/wp-content\/uploads\/2014\/10\/DGRI-SAT-86-1993-oponi\u00f2n-sobre-pagos-a-examinadores-publicos-y-privados1.pdf\">DGRI SAT 86-1993 opini\u00f3n sobre pagos a examinadores p\u00fablicos y privados<\/a><\/p>\n<p><a href=\"https:\/\/auditoria.usac.edu.gt\/wp-content\/uploads\/2014\/10\/REGLAMENTO-GENERAL-PARA-EL-DESARROLLO-DE-LA-ACTIVIDAD-COMERCIAL-EN-LAS-INSTALACIONES-DE-LA1.pdf\">Reglamento de la Actividad Comercial en la USAC<\/a><\/p>\n<p><a href=\"https:\/\/auditoria.usac.edu.gt\/wp-content\/uploads\/2014\/10\/Reglamento-deportes1.pdf\">Reglamento deportes<\/a><\/p>\n<p><a href=\"https:\/\/auditoria.usac.edu.gt\/wp-content\/uploads\/2014\/10\/REGLAMENTO_DE_BECAS.pdf\">REGLAMENTO_DE_BECAS<\/a><\/p>\n<p><a href=\"https:\/\/auditoria.usac.edu.gt\/wp-content\/uploads\/2014\/10\/Disposicion-sobre-becas1.pdf\">Disposici\u00f3n sobre becas<\/a><\/p>\n<p><a href=\"https:\/\/auditoria.usac.edu.gt\/wp-content\/uploads\/2014\/10\/Modif.-Regla.-Relac.-Lab.1.pdf\">Modificaci\u00f3n al \u00a0Reglamento de Relaciones Laborales<\/a><\/p>\n<p><a href=\"https:\/\/auditoria.usac.edu.gt\/wp-content\/uploads\/2014\/10\/Manuales-y-Leyes-Univrsitarias1.pdf\">Manuales y Leyes Universitarias<\/a><\/p>\n<p><a href=\"https:\/\/auditoria.usac.edu.gt\/wp-content\/uploads\/2014\/10\/Decreto-Ministerial-1199-2011-campus-patrimonio-de-la-nacion1.pdf\">Decreto Ministerial 1199-2011 campus patrimonio de la naci\u00f3n<\/a><\/p>\n<p><a href=\"https:\/\/auditoria.usac.edu.gt\/wp-content\/uploads\/2014\/10\/Reglamento-para-la-Gesti\u00f3n-Negociaci\u00f3n-y-Suscripci\u00f2n-de-instrumentos-de-Coopeeraci\u00f3n.pdf\">Reglamento para la Gesti\u00f3n, Negociaci\u00f3n y Suscripci\u00f3n de instrumentos de Cooperaci\u00f3n<\/a><\/p>\n<p><a href=\"https:\/\/auditoria.usac.edu.gt\/wp-content\/uploads\/2014\/10\/Gu\u00eda-para-Generaci\u00f3n-y-uso-de-contro-de-exenciones-IVA.pdf\">Gu\u00eda para Generaci\u00f3n y uso de control de exenciones IVA<\/a><\/p>\n<p><a href=\"https:\/\/auditoria.usac.edu.gt\/wp-content\/uploads\/2014\/10\/Procedimiento-Rentas-Trabajo-USAC.pdf\">Procedimiento Rentas Trabajo USAC<\/a><\/p>\n<p><a href=\"https:\/\/auditoria.usac.edu.gt\/wp-content\/uploads\/2014\/10\/Pacto-Colectivo-USAC.pdf\" rel=\"\">Pacto Colectivo USAC 2015<\/a><\/p>\n<p><a href=\"https:\/\/auditoria.usac.edu.gt\/wp-content\/uploads\/2014\/10\/Acuerdo-CEDESYD-0001-2016-Declaraci\u00f3n-de-zonas-de-Riesgo-en-la-USAC.pdf\" rel=\"\">Acuerdo CEDESYD 0001-2016 Declaraci\u00f3n de zonas de Riesgo en la USAC<\/a><\/p>\n<p><a href=\"https:\/\/auditoria.usac.edu.gt\/wp-content\/uploads\/2014\/10\/Circular-CEyD-No.-01-2016-Conocimiento-de-Guia-de-la-Juntas-calificadoras-de-obras-artisiticas.pdf\" rel=\"\">Circular CEyD No. 01-2016 Conocimiento de Gu\u00eda de la Juntas calificadoras de obras art\u00edsticas<\/a><\/p>\n<p><a href=\"https:\/\/auditoria.usac.edu.gt\/wp-content\/uploads\/2014\/10\/Circular-CAC-No.-01-2016-Solicitudes-para-nuevas-actividades-comerciales.pdf\" rel=\"\">Circular CAC No. 01-2016 Solicitudes para nuevas actividades comerciales<\/a><\/p>\n<p><a href=\"https:\/\/auditoria.usac.edu.gt\/wp-content\/uploads\/2014\/10\/JUP-01-2016-Impugnaciones-ante-la-JUP.pdf\" rel=\"\">JUP-01-2016 Impugnaciones ante la JUP<\/a><\/p>\n<p><a href=\"https:\/\/auditoria.usac.edu.gt\/wp-content\/uploads\/2014\/10\/Normativo-incentivos-CSU-\u00daltima-versi\u00f3n-junio-2015.pdf\" rel=\"\">Normativo incentivos CSU-\u00daltima versi\u00f3n (junio 2015)<\/a><\/p>\n<p><a href=\"https:\/\/auditoria.usac.edu.gt\/wp-content\/uploads\/2014\/10\/Ref.-Cedesyd-007.01.16.pdf\" rel=\"\">Ref. Cedesyd 007.01.16<\/a><\/p>\n<p><a href=\"https:\/\/auditoria.usac.edu.gt\/wp-content\/uploads\/2014\/10\/Salarios-Minimos-2016.pdf\" rel=\"\">Salarios M\u00ednimos 2016<\/a><\/p>\n<p><a href=\"https:\/\/auditoria.usac.edu.gt\/wp-content\/uploads\/2014\/10\/Guia-Actuacion-Comision-para-adquirir-obras-artisticas-y-literarias.pdf\" rel=\"\">Gu\u00eda Actuaci\u00f3n Comisi\u00f3n para adquirir obras art\u00edsticas y literarias<\/a><\/p>\n<p><a href=\"https:\/\/auditoria.usac.edu.gt\/wp-content\/uploads\/2014\/10\/POLITICA-DE-TRANSPARENCIA.pdf\" rel=\"\">Pol\u00edtica de Transparencia<\/a><\/p>\n<p><a href=\"https:\/\/auditoria.usac.edu.gt\/wp-content\/uploads\/2018\/10\/ACUERDO-1366-DEL-IGSS-pago-m\u00e1ximo-diario-de-subsidio.pdf\">ACUERDO 1366 DEL IGSS pago m\u00e1ximo diario de subsidio<\/a><\/p>\n<p><a href=\"https:\/\/auditoria.usac.edu.gt\/wp-content\/uploads\/2018\/10\/ACUERDO-MINISTERIAL-No.-405-2018-Arrendamiento-de-bienes-del-Estado.pdf\">ACUERDO MINISTERIAL No. 405-2018 Arrendamiento de bienes del Estado<\/a><\/p>\n<p><a href=\"https:\/\/auditoria.usac.edu.gt\/wp-content\/uploads\/2018\/10\/Reglamento-de-Tasa-Estudiantil.pdf\">Reglamento de Tasa Estudiantil<\/a><\/p>\n<p><a href=\"https:\/\/auditoria.usac.edu.gt\/wp-content\/uploads\/2019\/01\/RENTAS-CONSIGNADAS-ULTIMA-VERSION.pdf\">Manual de Normas y Procedimientos\u00a0 de las Remesas de Rentas Consignadas<\/a><\/p>\n<p><a href=\"https:\/\/auditoria.usac.edu.gt\/wp-content\/uploads\/2019\/01\/Reglamento-Carreras-Nuevas.pdf\">Reglamento Carreras Nuevas<\/a><\/p>\n<p><a href=\"https:\/\/auditoria.usac.edu.gt\/wp-content\/uploads\/2019\/01\/Manual-NyP-Registro-y-Estadistica-2018.pdf\">Manual-NyP-Registro-y-Estad\u00edstica-2018<\/a><\/p>\n<p><a href=\"https:\/\/auditoria.usac.edu.gt\/wp-content\/uploads\/2019\/01\/REGLAMENTO-DE-BIENES-MUEBLES-APROBADO-EN-ENERO-DE-2019.pdf\">REGLAMENTO DE BIENES MUEBLES APROBADO EN ENERO DE 2019<\/a><\/p>\n<p><a href=\"https:\/\/auditoria.usac.edu.gt\/wp-content\/uploads\/2019\/05\/Pol\u00edtica-de-Educaci\u00f3n-a-Distancia.pdf\">Pol\u00edtica de Educaci\u00f3n a Distancia<\/a><\/p>\n<p><a href=\"https:\/\/auditoria.usac.edu.gt\/wp-content\/uploads\/2019\/06\/ProcedimientoRentasTrabajo-nuevo-2019.pdf\">Procedimiento Rentas Trabajo-nuevo 2019<\/a><\/p>\n","protected":false},"excerpt":{"rendered":"<p>JUP-01-2019 No despedir hasta que finalicen los procesos de impugnaci\u00f3n Politica-de-atencion-a-la-poblaci\u00f3n-con-discapacidad-usac-acuerdo Conciliaciones Bancarias \u00a0Oficinas Centrales Instructivo Activos Fijos Manual Archivo General manual_usuario_tesorero sobre el programa de Ejecuci\u00f2n Presupuestaria Manuales MODULO III, \u00a0Procedimiento sobre bienes dados de baja autorizado 18-11-13 manuales<\/p>\n","protected":false},"author":2,"featured_media":0,"parent":559,"menu_order":4,"comment_status":"open","ping_status":"open","template":"","meta":{"footnotes":""},"class_list":["post-597","page","type-page","status-publish","hentry"],"_links":{"self":[{"href":"https:\/\/auditoria.usac.edu.gt\/index.php?rest_route=\/wp\/v2\/pages\/597","targetHints":{"allow":["GET"]}}],"collection":[{"href":"https:\/\/auditoria.usac.edu.gt\/index.php?rest_route=\/wp\/v2\/pages"}],"about":[{"href":"https:\/\/auditoria.usac.edu.gt\/index.php?rest_route=\/wp\/v2\/types\/page"}],"author":[{"embeddable":true,"href":"https:\/\/auditoria.usac.edu.gt\/index.php?rest_route=\/wp\/v2\/users\/2"}],"replies":[{"embeddable":true,"href":"https:\/\/auditoria.usac.edu.gt\/index.php?rest_route=%2Fwp%2Fv2%2Fcomments&post=597"}],"version-history":[{"count":29,"href":"https:\/\/auditoria.usac.edu.gt\/index.php?rest_route=\/wp\/v2\/pages\/597\/revisions"}],"predecessor-version":[{"id":1931,"href":"https:\/\/auditoria.usac.edu.gt\/index.php?rest_route=\/wp\/v2\/pages\/597\/revisions\/1931"}],"up":[{"embeddable":true,"href":"https:\/\/auditoria.usac.edu.gt\/index.php?rest_route=\/wp\/v2\/pages\/559"}],"wp:attachment":[{"href":"https:\/\/auditoria.usac.edu.gt\/index.php?rest_route=%2Fwp%2Fv2%2Fmedia&parent=597"}],"curies":[{"name":"wp","href":"https:\/\/api.w.org\/{rel}","templated":true}]}}