{"id":640,"date":"2014-10-10T16:32:46","date_gmt":"2014-10-10T16:32:46","guid":{"rendered":"https:\/\/auditoria.usac.edu.gt\/?page_id=640"},"modified":"2015-01-22T19:33:17","modified_gmt":"2015-01-22T19:33:17","slug":"codigo-de-trabajo-y-sus-modificaciones","status":"publish","type":"page","link":"https:\/\/auditoria.usac.edu.gt\/?page_id=640","title":{"rendered":"C\u00f3digo de trabajo y sus modificaciones"},"content":{"rendered":"<p><a style=\"line-height: 1.5;\" href=\"https:\/\/auditoria.usac.edu.gt\/wp-content\/uploads\/2014\/10\/codigodetrabajo.pdf\">C\u00f3digo de trabajo<\/a><\/p>\n<p><a href=\"https:\/\/auditoria.usac.edu.gt\/wp-content\/uploads\/2014\/10\/codigos-de-trabajo-Guatemala.pdf\">C\u00f3digo de trabajo referenciado<\/a><\/p>\n<p><a href=\"https:\/\/auditoria.usac.edu.gt\/wp-content\/uploads\/2014\/10\/ley-del-Bono-Anual-b14.pdf\">Ley del Bono Anual bono 14<\/a><\/p>\n<p><a href=\"https:\/\/auditoria.usac.edu.gt\/wp-content\/uploads\/2014\/10\/Decreto-291-2000-bono-mensual.pdf\">Decreto 291-2000 bono mensual<\/a><\/p>\n<p><a href=\"https:\/\/auditoria.usac.edu.gt\/wp-content\/uploads\/2014\/10\/Acuerdo-398-2008-Salarios-m\u00ednimos.pdf\">Acuerdo 398-2008 salarios m\u00ednimos<\/a><\/p>\n<p><a href=\"https:\/\/auditoria.usac.edu.gt\/wp-content\/uploads\/2014\/10\/Jornales-para-031.pdf\">Acuerdo Gubernativo 69-2010 monto para Jornales para 031<\/a><\/p>\n<p><a href=\"https:\/\/auditoria.usac.edu.gt\/wp-content\/uploads\/2014\/10\/Acuerdo-Gubernativo-388-2010-Salario-Minimo-Q.63.70.pdf\">Acuerdo Gubernativo 388-2010 salario M\u00ednimo Q.63.70<\/a><\/p>\n<p><a href=\"https:\/\/auditoria.usac.edu.gt\/wp-content\/uploads\/2014\/10\/Salarios-Minimos-a-partir-del-01-de-enero-de-2010.pdf\">Salarios m\u00ednimos a partir del 01 de enero de 2010<\/a><\/p>\n<p><a style=\"line-height: 1.5;\" href=\"https:\/\/auditoria.usac.edu.gt\/wp-content\/uploads\/2014\/10\/SALARIO-MINIMO-PARA-2012.pdf\">Salario m\u00ednimo para el 2012<\/a><\/p>\n<p><a href=\"https:\/\/auditoria.usac.edu.gt\/wp-content\/uploads\/2014\/10\/Tabla-Salario-Mu00EDnimo-2015-y-Acuerdos-470-al-474-2014-1.pdf\">Tabla Salario M\u00ednimo 2015 y Acuerdos 470 al 474-2014 (1)<\/a><\/p>\n<p>&nbsp;<\/p>\n","protected":false},"excerpt":{"rendered":"<p>C\u00f3digo de trabajo C\u00f3digo de trabajo referenciado Ley del Bono Anual bono 14 Decreto 291-2000 bono mensual Acuerdo 398-2008 salarios m\u00ednimos Acuerdo Gubernativo 69-2010 monto para Jornales para 031 Acuerdo Gubernativo 388-2010 salario M\u00ednimo Q.63.70 Salarios m\u00ednimos a partir del<\/p>\n","protected":false},"author":2,"featured_media":0,"parent":638,"menu_order":1,"comment_status":"open","ping_status":"closed","template":"","meta":{"footnotes":""},"class_list":["post-640","page","type-page","status-publish","hentry"],"_links":{"self":[{"href":"https:\/\/auditoria.usac.edu.gt\/index.php?rest_route=\/wp\/v2\/pages\/640","targetHints":{"allow":["GET"]}}],"collection":[{"href":"https:\/\/auditoria.usac.edu.gt\/index.php?rest_route=\/wp\/v2\/pages"}],"about":[{"href":"https:\/\/auditoria.usac.edu.gt\/index.php?rest_route=\/wp\/v2\/types\/page"}],"author":[{"embeddable":true,"href":"https:\/\/auditoria.usac.edu.gt\/index.php?rest_route=\/wp\/v2\/users\/2"}],"replies":[{"embeddable":true,"href":"https:\/\/auditoria.usac.edu.gt\/index.php?rest_route=%2Fwp%2Fv2%2Fcomments&post=640"}],"version-history":[{"count":4,"href":"https:\/\/auditoria.usac.edu.gt\/index.php?rest_route=\/wp\/v2\/pages\/640\/revisions"}],"predecessor-version":[{"id":1081,"href":"https:\/\/auditoria.usac.edu.gt\/index.php?rest_route=\/wp\/v2\/pages\/640\/revisions\/1081"}],"up":[{"embeddable":true,"href":"https:\/\/auditoria.usac.edu.gt\/index.php?rest_route=\/wp\/v2\/pages\/638"}],"wp:attachment":[{"href":"https:\/\/auditoria.usac.edu.gt\/index.php?rest_route=%2Fwp%2Fv2%2Fmedia&parent=640"}],"curies":[{"name":"wp","href":"https:\/\/api.w.org\/{rel}","templated":true}]}}