{"id":651,"date":"2014-10-10T16:49:27","date_gmt":"2014-10-10T16:49:27","guid":{"rendered":"https:\/\/auditoria.usac.edu.gt\/?page_id=651"},"modified":"2019-09-10T15:47:53","modified_gmt":"2019-09-10T15:47:53","slug":"ley-de-contratacion-del-estado-y-sus-modificaciones","status":"publish","type":"page","link":"https:\/\/auditoria.usac.edu.gt\/?page_id=651","title":{"rendered":"Ley de Contrataci\u00f3n del Estado y sus modificaciones"},"content":{"rendered":"<p><a href=\"https:\/\/auditoria.usac.edu.gt\/wp-content\/uploads\/2014\/10\/LEY-DE-CONTRATACIONES-DEL-ESTADO.pdf\" rel=\"\">LEY DE CONTRATACIONES DEL ESTADO<\/a><\/p>\n<p><a style=\"line-height: 1.5;\" href=\"https:\/\/auditoria.usac.edu.gt\/wp-content\/uploads\/2014\/10\/30-2009-Modifi.-a-Guatecompras.pdf\">30-2009 Modificaciones a GUATECOMPRAS<\/a><\/p>\n<p><a href=\"https:\/\/auditoria.usac.edu.gt\/wp-content\/uploads\/2014\/10\/Decreto-27-2009-reformacas-a-la-LCE.pdf\">Decreto 27-2009 reformas a la Ley de Contrataciones del Estado<\/a><\/p>\n<p><a href=\"https:\/\/auditoria.usac.edu.gt\/wp-content\/uploads\/2014\/10\/Resoluc\u00f3n-155-2009-reformas-a-GUATECOMPRAS.pdf\">Resoluci\u00f3n 155 (2009) reformas a GUATECOMPRAS<\/a><\/p>\n<p><a href=\"https:\/\/auditoria.usac.edu.gt\/wp-content\/uploads\/2014\/10\/Resolucion-1-2010-Ref.-resolucion-No-155-publicaciones-compra-direca.pdf\">Resoluci\u00f3n 1-2010 Ref. resoluci\u00f3n No, 155 publicaciones compra directa<\/a><\/p>\n<p><a href=\"https:\/\/auditoria.usac.edu.gt\/wp-content\/uploads\/2014\/10\/DECRETO-6-2011MOD-LEY-CONTRAT.pdf\">Decreto 6-2011 modificaci\u00f3n a la Ley de Contrataciones<\/a><\/p>\n<p><a style=\"line-height: 1.714285714; font-size: 1rem;\" href=\"https:\/\/auditoria.usac.edu.gt\/wp-content\/uploads\/2014\/10\/SNTCyA-DACE-300-2013-Reformas-GUATECOMPRAS.pdf\">SNTCyA DACE 300-2013 Reformas GUATECOMPRAS<\/a><\/p>\n<p><a href=\"https:\/\/auditoria.usac.edu.gt\/wp-content\/uploads\/2014\/10\/Resoluci\u00f2n-01-2004-reformas-a-la-resoluci\u00f2n-11-2010-GUATECOMPRAS2.pdf\">Resoluci\u00f2n 01-2014 reformas a la resoluci\u00f2n 11-2010 GUATECOMPRAS<\/a><\/p>\n<p><a href=\"https:\/\/auditoria.usac.edu.gt\/wp-content\/uploads\/2014\/10\/Decreto-46-2016-Reformas-a-la-Ley-de-contrataciones.pdf\" rel=\"\">Decreto 46-2016 Reformas a la Ley de contrataciones<\/a><\/p>\n<p><a href=\"https:\/\/auditoria.usac.edu.gt\/wp-content\/uploads\/2017\/08\/Acuerdo-Gubernativo-172-2017-MODIFICACIONES-AL-REGLAMENTO-DE-LAS-LEY-DE-CONTRATACIONES-DEL-ESTADO.pdf\" rel=\"\">Acuerdo Gubernativo 172-2017 MODIFICACIONES AL REGLAMENTO DE LAS LEY DE CONTRATACIONES DEL ESTADO<\/a><\/p>\n<p><a href=\"https:\/\/auditoria.usac.edu.gt\/wp-content\/uploads\/2019\/01\/acuerdogub170_051018.pdf\">acuerdo gub 170-2018 RGAE<\/a><\/p>\n<p><a href=\"https:\/\/auditoria.usac.edu.gt\/wp-content\/uploads\/2019\/01\/acuerdomin563_161118.pdf\">acuerdo min 563-2018 RGAE<\/a><\/p>\n<p><a href=\"https:\/\/auditoria.usac.edu.gt\/wp-content\/uploads\/2019\/01\/circular-01-2018-rgae.pdf\">circular-01-2018-rgae<\/a><\/p>\n<p><a href=\"https:\/\/auditoria.usac.edu.gt\/wp-content\/uploads\/2019\/01\/constancias-transitorias-de-proveedores-de-obras.pdf\">constancias-transitorias-de-proveedores-de-obras<\/a><\/p>\n<p><a href=\"https:\/\/auditoria.usac.edu.gt\/wp-content\/uploads\/2019\/01\/formulario_entidades_fiscalizadoras.pdf\">formulario_entidades_fiscalizadoras<\/a><\/p>\n<p><a href=\"https:\/\/auditoria.usac.edu.gt\/wp-content\/uploads\/2019\/01\/formulario-ue-solicitud-usuario.pdf\">formulario-de-solicitud-usuario<\/a><\/p>\n<p><a href=\"https:\/\/auditoria.usac.edu.gt\/wp-content\/uploads\/2019\/04\/Circular-Conjunta-MFP-CGC-Compra-Directa.pdf\">Circular-Conjunta-MFP-CGC-Compra-Directa<\/a><\/p>\n<p><a href=\"https:\/\/auditoria.usac.edu.gt\/wp-content\/uploads\/2019\/09\/79981-RESOLUCIO\u0301N-18-2019.pdf\">79981 RESOLUCIO\u0301N 18-2019 Uso de Guatecompras\u00a0<\/a><\/p>\n","protected":false},"excerpt":{"rendered":"<p>LEY DE CONTRATACIONES DEL ESTADO 30-2009 Modificaciones a GUATECOMPRAS Decreto 27-2009 reformas a la Ley de Contrataciones del Estado Resoluci\u00f3n 155 (2009) reformas a GUATECOMPRAS Resoluci\u00f3n 1-2010 Ref. resoluci\u00f3n No, 155 publicaciones compra directa Decreto 6-2011 modificaci\u00f3n a la Ley<\/p>\n","protected":false},"author":2,"featured_media":0,"parent":638,"menu_order":2,"comment_status":"open","ping_status":"open","template":"","meta":{"footnotes":""},"class_list":["post-651","page","type-page","status-publish","hentry"],"_links":{"self":[{"href":"https:\/\/auditoria.usac.edu.gt\/index.php?rest_route=\/wp\/v2\/pages\/651","targetHints":{"allow":["GET"]}}],"collection":[{"href":"https:\/\/auditoria.usac.edu.gt\/index.php?rest_route=\/wp\/v2\/pages"}],"about":[{"href":"https:\/\/auditoria.usac.edu.gt\/index.php?rest_route=\/wp\/v2\/types\/page"}],"author":[{"embeddable":true,"href":"https:\/\/auditoria.usac.edu.gt\/index.php?rest_route=\/wp\/v2\/users\/2"}],"replies":[{"embeddable":true,"href":"https:\/\/auditoria.usac.edu.gt\/index.php?rest_route=%2Fwp%2Fv2%2Fcomments&post=651"}],"version-history":[{"count":12,"href":"https:\/\/auditoria.usac.edu.gt\/index.php?rest_route=\/wp\/v2\/pages\/651\/revisions"}],"predecessor-version":[{"id":1970,"href":"https:\/\/auditoria.usac.edu.gt\/index.php?rest_route=\/wp\/v2\/pages\/651\/revisions\/1970"}],"up":[{"embeddable":true,"href":"https:\/\/auditoria.usac.edu.gt\/index.php?rest_route=\/wp\/v2\/pages\/638"}],"wp:attachment":[{"href":"https:\/\/auditoria.usac.edu.gt\/index.php?rest_route=%2Fwp%2Fv2%2Fmedia&parent=651"}],"curies":[{"name":"wp","href":"https:\/\/api.w.org\/{rel}","templated":true}]}}