{"id":67,"date":"2014-08-21T16:34:59","date_gmt":"2014-08-21T16:34:59","guid":{"rendered":"https:\/\/auditoria.usac.edu.gt\/?page_id=67"},"modified":"2018-10-08T15:06:31","modified_gmt":"2018-10-08T15:06:31","slug":"doctos-contraloria-general-de-cuentas","status":"publish","type":"page","link":"https:\/\/auditoria.usac.edu.gt\/?page_id=67","title":{"rendered":"Contralor\u00eda General de Cuentas"},"content":{"rendered":"<h3>1. Acuerdos<\/h3>\n<p><a href=\"https:\/\/auditoria.usac.edu.gt\/wp-content\/uploads\/2014\/08\/Habilitaci\u00f3n-de-libros.pdf\">Acuerdo 71-99 Habilitaci\u00f3n de libros<\/a><\/p>\n<p><a href=\"https:\/\/auditoria.usac.edu.gt\/wp-content\/uploads\/2014\/08\/ACUERDO-CGC-9-03-Aprobaci\u00f3n-de-normas.pdf\">Acuerdo CGC 9-03 Aprobaci\u00f3n de normas<\/a><\/p>\n<p><a href=\"https:\/\/auditoria.usac.edu.gt\/wp-content\/uploads\/2014\/08\/AcuerdoA7706-A1182007-A17-2007.pdf\">Acuerdo A77-06 Prohibici\u00f3n aplicables a los contratados en el \u00a0029<\/a><\/p>\n<p><a href=\"https:\/\/auditoria.usac.edu.gt\/wp-content\/uploads\/2014\/08\/No-presentaci\u00f3n-de-Probidad-los-029.pdf\">Acuerdo A-118-2007 No presentaci\u00f3n de probidad los 029<\/a><\/p>\n<p><a href=\"https:\/\/auditoria.usac.edu.gt\/wp-content\/uploads\/2014\/08\/Autorizacion-de-Titulos.pdf\">Acuerdo A-320-2008 Autorizaci\u00f3n de T\u00edtulos<\/a><\/p>\n<p><a href=\"https:\/\/auditoria.usac.edu.gt\/wp-content\/uploads\/2014\/08\/Autorizacion-de-libros-electronicos.pdf\">Acuerdo A-0008-2009 Autorizaci\u00f3n de libros electr\u00f3nicos<\/a><\/p>\n<p><a href=\"https:\/\/auditoria.usac.edu.gt\/wp-content\/uploads\/2014\/08\/PAA.pdf\">Acuerdo A 51-2009 Presentaci\u00f3n de Planes de Auditoria<\/a><\/p>\n<p><a href=\"https:\/\/auditoria.usac.edu.gt\/wp-content\/uploads\/2014\/08\/Presentaci\u00f3n-Plan-Anual-de-Auditoria.pdf\">Acuerdo A-51-2009 Presentaci\u00f3n Plan Anual de Auditoria<\/a><\/p>\n<p><a href=\"https:\/\/auditoria.usac.edu.gt\/wp-content\/uploads\/2014\/08\/Acuerdo-CGC-A-013-2015-Rendici\u00f3n-Electronica-Mensual-de-Ingresos-y-Egresos-entidades-autonomas.pdf\">Acuerdo CGC A-013-2015 Rendici\u00f3n Electr\u00f3nica Mensual de Ingresos y egresos entidades aut\u00f3nomas<\/a><\/p>\n<h3><span style=\"font-size: 1.142857143rem; line-height: 1.846153846;\">\u00a02. Opiniones<\/span><\/h3>\n<p><a href=\"https:\/\/auditoria.usac.edu.gt\/wp-content\/uploads\/2014\/08\/Criterios-sobre-Ayudas-Econ\u00f3micas.pdf\">Opini\u00f3n 17-91 Criterios sobre ayudas econ\u00f3micas<\/a><\/p>\n<p><a href=\"https:\/\/auditoria.usac.edu.gt\/wp-content\/uploads\/2014\/08\/Criterios-para-determinar-fraccionamiento-de-compra.pdf\">Opini\u00f3n 312-2002 Criterios para determinar fraccionamiento de compra<\/a><\/p>\n<h3><span style=\"font-size: 1.142857143rem; line-height: 1.846153846;\">3. Circulares<\/span><\/h3>\n<p><a href=\"https:\/\/auditoria.usac.edu.gt\/wp-content\/uploads\/2014\/08\/CIRCULAR-CONJUNTA-MINFIN-CONTRALORIA-ONSEC.pdf\">Circular Conjunta MINFIN-CONTRALORIA-ONSEC Normas contrataci\u00f3n 029<\/a><\/p>\n<p><a href=\"https:\/\/auditoria.usac.edu.gt\/wp-content\/uploads\/2014\/08\/cuentadancia.pdf\" rel=\"\">Decreto del 30-08-1940 Cuentadancia<\/a><\/p>\n<p><a href=\"https:\/\/auditoria.usac.edu.gt\/wp-content\/uploads\/2014\/08\/CIRCULAR-A040-ACTUALIZACION-contraloria.pdf\" rel=\"\">Circular A-040 Asignaci\u00f3n usuarios port CGC contratos<\/a><\/p>\n<p><a href=\"https:\/\/auditoria.usac.edu.gt\/wp-content\/uploads\/2018\/10\/CGC-Acuerdos-75-2017-y-107-2017-Normas-ISSAI.pdf\">CGC Acuerdos 75-2017 y 107-2017 Normas ISSAI<\/a><\/p>\n<p><a href=\"https:\/\/auditoria.usac.edu.gt\/wp-content\/uploads\/2018\/10\/CGC-A-001-2018-PAA.pdf\">CGC A-001-2018 PAA<\/a><\/p>\n<h3><span style=\"font-size: 1.142857143rem; line-height: 1.846153846;\">4. Informes<\/span><\/h3>\n<p><a href=\"https:\/\/auditoria.usac.edu.gt\/wp-content\/uploads\/2014\/08\/Informe-CGC-2008.pdf\">Informe CGC 2008<\/a><\/p>\n<p><a href=\"https:\/\/auditoria.usac.edu.gt\/wp-content\/uploads\/2014\/08\/Informe-CGC-2009.pdf\">Informe CGC 2009<\/a><\/p>\n<p><a href=\"https:\/\/auditoria.usac.edu.gt\/wp-content\/uploads\/2014\/08\/Informe-CGC-2010.pdf\">Informe CGC 2010<\/a><\/p>\n<p><a href=\"https:\/\/auditoria.usac.edu.gt\/wp-content\/uploads\/2014\/08\/Hallazgos-de-la-contraloria-de-cuentas.xlsx\">Resumen Hallazgos de la Contralor\u00eda General de Cuentas 2008-2010<\/a><\/p>\n<p><a href=\"https:\/\/auditoria.usac.edu.gt\/wp-content\/uploads\/2014\/08\/Informe-CGC-2011.pdf\">Informe CGC 2011<\/a><\/p>\n<p><a href=\"https:\/\/auditoria.usac.edu.gt\/wp-content\/uploads\/2014\/08\/Resumen_sanciones_Informe_Contralor\u00eda-2011.xlsx\">Resumen sanciones Informe Contralor\u00eda General de \u00a0Cuentas 2011<\/a><\/p>\n<p><a href=\"https:\/\/auditoria.usac.edu.gt\/wp-content\/uploads\/2018\/10\/CGC-informe-2012.pdf\">CGC informe 2012<\/a><\/p>\n<p><a href=\"https:\/\/auditoria.usac.edu.gt\/wp-content\/uploads\/2014\/08\/CGC-2013-Informe-Tomo-IV.pdf\">Informe CGC 2013<\/a><\/p>\n<p><a href=\"https:\/\/auditoria.usac.edu.gt\/wp-content\/uploads\/2014\/08\/CGC-Informe-2014-TOMO_VII.pdf\">Informe CGC 2014 TOMO VII<\/a><\/p>\n<p><a href=\"https:\/\/auditoria.usac.edu.gt\/wp-content\/uploads\/2014\/08\/Hallazgos-Contraloria-General-de-Cuentas-2015.pdf\" rel=\"\">Informe CGC 2015<\/a><\/p>\n<p><a href=\"https:\/\/auditoria.usac.edu.gt\/wp-content\/uploads\/2014\/08\/Resumen-sanciones-Informe-Contralor\u00eda-2015-1.pdf\" rel=\"\">Resumen sanciones Informe Contralor\u00eda 2015 1<\/a><\/p>\n<p><a href=\"https:\/\/auditoria.usac.edu.gt\/wp-content\/uploads\/2014\/08\/Resumen-sanciones-Informe-Contralor\u00eda-2015-2.pdf\" rel=\"\">Resumen sanciones Informe Contralor\u00eda 2015 2<\/a><\/p>\n<p>&nbsp;<\/p>\n<p>&nbsp;<\/p>\n<p><a href=\"https:\/\/auditoria.usac.edu.gt\/wp-content\/uploads\/2018\/10\/CGC-informe-2016.pdf\">CGC informe 2016<\/a><\/p>\n<p><a href=\"https:\/\/auditoria.usac.edu.gt\/wp-content\/uploads\/2018\/10\/CGC-Informe-2017-resumen-de-hallazgos.pdf\">CGC Informe 2017 resumen de hallazgos<\/a><\/p>\n<p><a href=\"https:\/\/auditoria.usac.edu.gt\/wp-content\/uploads\/2018\/10\/CGC-informe-2017.pdf\">CGC informe 2017<\/a><\/p>\n<h3>5. Leyes y Reglamentos<\/h3>\n<p><a href=\"https:\/\/auditoria.usac.edu.gt\/wp-content\/uploads\/2014\/08\/Ley-organica-de-la-CGC-Decreto-31-2002-Actualizado-2016.pdf\" rel=\"\">Ley org\u00e1nica de la CGC Decreto 31-2002 Actualizado 2016<\/a><\/p>\n<p><a href=\"https:\/\/auditoria.usac.edu.gt\/wp-content\/uploads\/2014\/08\/Inconstitucionalidad.pdf\" rel=\"\">Inconstitucionalidad al Articulo 29 de la Ley Organica de la CGC<\/a><\/p>\n<p><a href=\"https:\/\/auditoria.usac.edu.gt\/wp-content\/uploads\/2014\/08\/Reglamento-Ley-organica-CGC-ACUERDO-GUBERNATIVO-192-2014-actualizada-al-2016.pdf\" rel=\"\">Reglamento Ley org\u00e1nica CGC ACUERDO GUBERNATIVO 192-2014 actualizada al 2016<\/a><\/p>\n<p><a href=\"https:\/\/auditoria.usac.edu.gt\/wp-content\/uploads\/2014\/08\/Reglamento-Mantenimiento-y-repacion-de-quipo.pdf\">Reglamento mantenimiento y reparaci\u00f3n de equipo<\/a><\/p>\n<h3>6. Manuales, Normas de Auditoria Gubernamental<\/h3>\n<p><a href=\"https:\/\/auditoria.usac.edu.gt\/wp-content\/uploads\/2014\/08\/Marco-Conceptual-Control-Interno.pdf\">Marco Conceptual Control Interno<\/a><\/p>\n<p><a style=\"line-height: 1.714285714; font-size: 1rem;\" href=\"https:\/\/auditoria.usac.edu.gt\/wp-content\/uploads\/2014\/08\/Manual-de-Aduitoria-Interna-Gubernamental.pdf\">Manual de Auditoria Interna Gubernamental<\/a><\/p>\n<p><a href=\"https:\/\/auditoria.usac.edu.gt\/wp-content\/uploads\/2014\/08\/Manual-de-Auditoria-Gubernametal.pdf\">Manual de Auditoria Gubernamental<\/a><\/p>\n<p><a style=\"line-height: 1.714285714; font-size: 1rem;\" href=\"https:\/\/auditoria.usac.edu.gt\/wp-content\/uploads\/2014\/08\/Nomras-General-de-Contro-Interno.pdf\">Normas Generales de Control Interno<\/a><\/p>\n<p><a href=\"https:\/\/auditoria.usac.edu.gt\/wp-content\/uploads\/2014\/08\/Normas-de-Auditoria-Gubernametal.pdf\">Normas de Auditoria Gubernamental<\/a><\/p>\n","protected":false},"excerpt":{"rendered":"<p>1. Acuerdos Acuerdo 71-99 Habilitaci\u00f3n de libros Acuerdo CGC 9-03 Aprobaci\u00f3n de normas Acuerdo A77-06 Prohibici\u00f3n aplicables a los contratados en el \u00a0029 Acuerdo A-118-2007 No presentaci\u00f3n de probidad los 029 Acuerdo A-320-2008 Autorizaci\u00f3n de T\u00edtulos Acuerdo A-0008-2009 Autorizaci\u00f3n de<\/p>\n","protected":false},"author":3,"featured_media":0,"parent":14,"menu_order":4,"comment_status":"open","ping_status":"closed","template":"","meta":{"footnotes":""},"class_list":["post-67","page","type-page","status-publish","hentry"],"_links":{"self":[{"href":"https:\/\/auditoria.usac.edu.gt\/index.php?rest_route=\/wp\/v2\/pages\/67","targetHints":{"allow":["GET"]}}],"collection":[{"href":"https:\/\/auditoria.usac.edu.gt\/index.php?rest_route=\/wp\/v2\/pages"}],"about":[{"href":"https:\/\/auditoria.usac.edu.gt\/index.php?rest_route=\/wp\/v2\/types\/page"}],"author":[{"embeddable":true,"href":"https:\/\/auditoria.usac.edu.gt\/index.php?rest_route=\/wp\/v2\/users\/3"}],"replies":[{"embeddable":true,"href":"https:\/\/auditoria.usac.edu.gt\/index.php?rest_route=%2Fwp%2Fv2%2Fcomments&post=67"}],"version-history":[{"count":18,"href":"https:\/\/auditoria.usac.edu.gt\/index.php?rest_route=\/wp\/v2\/pages\/67\/revisions"}],"predecessor-version":[{"id":1694,"href":"https:\/\/auditoria.usac.edu.gt\/index.php?rest_route=\/wp\/v2\/pages\/67\/revisions\/1694"}],"up":[{"embeddable":true,"href":"https:\/\/auditoria.usac.edu.gt\/index.php?rest_route=\/wp\/v2\/pages\/14"}],"wp:attachment":[{"href":"https:\/\/auditoria.usac.edu.gt\/index.php?rest_route=%2Fwp%2Fv2%2Fmedia&parent=67"}],"curies":[{"name":"wp","href":"https:\/\/api.w.org\/{rel}","templated":true}]}}