{"id":676,"date":"2014-10-10T17:12:26","date_gmt":"2014-10-10T17:12:26","guid":{"rendered":"https:\/\/auditoria.usac.edu.gt\/?page_id=676"},"modified":"2015-05-07T20:47:26","modified_gmt":"2015-05-07T20:47:26","slug":"ley-organica-de-presupuesto","status":"publish","type":"page","link":"https:\/\/auditoria.usac.edu.gt\/?page_id=676","title":{"rendered":"Ley Org\u00e1nica de Presupuesto"},"content":{"rendered":"<p><a href=\"https:\/\/auditoria.usac.edu.gt\/wp-content\/uploads\/2014\/10\/Ley-Organica-de-Presupuesto.pdf\">Ley Org\u00e1nica de Presupuesto<\/a><\/p>\n<p><a href=\"https:\/\/auditoria.usac.edu.gt\/wp-content\/uploads\/2014\/10\/Acuerdo-Gubernativo-540-2013_1.pdf\">Acuerdo Gubernativo 540 2013 Reglamento de la Ley Org\u00e1nica de Presupuesto<\/a><\/p>\n<p><a href=\"https:\/\/auditoria.usac.edu.gt\/wp-content\/uploads\/2014\/10\/decreto-13-2013-reformas-ley-presupuesto-etc.pdf\">Decreto 13-2013 reformas ley presupuesto, etc<\/a><\/p>\n<p><a style=\"line-height: 1.5;\" href=\"https:\/\/auditoria.usac.edu.gt\/wp-content\/uploads\/2014\/10\/decreto9-2013-Modificaciones-a-la-Ley-de-Presupuesto.pdf\">decreto 9-2014 Modificaciones a la Ley de Presupuesto<\/a><\/p>\n<p><a style=\"line-height: 1.714285714; font-size: 1rem;\" href=\"https:\/\/auditoria.usac.edu.gt\/wp-content\/uploads\/2014\/10\/MFP-Resolucion-Conjunta-1-2014-Certificaciones-Disp-Presup.pdf\">MFP-Resoluci\u00f3n-Conjunta-1-2014-Certificaci\u00f3n Disponibilidad Presupuestaria y Financiera<\/a><\/p>\n<p><a href=\"https:\/\/auditoria.usac.edu.gt\/wp-content\/uploads\/2014\/10\/resoluci\u00f3n-CC-aticulo-38-del-ley-de-presupuesto.pdf\">Resoluci\u00f3n Corte de Constitucionalidad \u00a0articulo 38 del ley de presupuesto<\/a><\/p>\n<p><a href=\"https:\/\/auditoria.usac.edu.gt\/wp-content\/uploads\/2014\/10\/Resolucion-presentacion-de-estados-financieros.pdf\">Resoluci\u00f3n Corte Constitucionalidad sobre presentaci\u00f3n de estados financieros<\/a><\/p>\n<p><a href=\"https:\/\/auditoria.usac.edu.gt\/wp-content\/uploads\/2015\/05\/Resoluci\u00f3n-CC-sobre-Ley-de-Presupuesto.pdf\">Resoluci\u00f3n CC sobre Ley de Presupuesto articulos 42, 42 bis y 57 bis<\/a><\/p>\n","protected":false},"excerpt":{"rendered":"<p>Ley Org\u00e1nica de Presupuesto Acuerdo Gubernativo 540 2013 Reglamento de la Ley Org\u00e1nica de Presupuesto Decreto 13-2013 reformas ley presupuesto, etc decreto 9-2014 Modificaciones a la Ley de Presupuesto MFP-Resoluci\u00f3n-Conjunta-1-2014-Certificaci\u00f3n Disponibilidad Presupuestaria y Financiera Resoluci\u00f3n Corte de Constitucionalidad \u00a0articulo 38<\/p>\n","protected":false},"author":2,"featured_media":0,"parent":638,"menu_order":5,"comment_status":"open","ping_status":"open","template":"","meta":{"footnotes":""},"class_list":["post-676","page","type-page","status-publish","hentry"],"_links":{"self":[{"href":"https:\/\/auditoria.usac.edu.gt\/index.php?rest_route=\/wp\/v2\/pages\/676","targetHints":{"allow":["GET"]}}],"collection":[{"href":"https:\/\/auditoria.usac.edu.gt\/index.php?rest_route=\/wp\/v2\/pages"}],"about":[{"href":"https:\/\/auditoria.usac.edu.gt\/index.php?rest_route=\/wp\/v2\/types\/page"}],"author":[{"embeddable":true,"href":"https:\/\/auditoria.usac.edu.gt\/index.php?rest_route=\/wp\/v2\/users\/2"}],"replies":[{"embeddable":true,"href":"https:\/\/auditoria.usac.edu.gt\/index.php?rest_route=%2Fwp%2Fv2%2Fcomments&post=676"}],"version-history":[{"count":6,"href":"https:\/\/auditoria.usac.edu.gt\/index.php?rest_route=\/wp\/v2\/pages\/676\/revisions"}],"predecessor-version":[{"id":1318,"href":"https:\/\/auditoria.usac.edu.gt\/index.php?rest_route=\/wp\/v2\/pages\/676\/revisions\/1318"}],"up":[{"embeddable":true,"href":"https:\/\/auditoria.usac.edu.gt\/index.php?rest_route=\/wp\/v2\/pages\/638"}],"wp:attachment":[{"href":"https:\/\/auditoria.usac.edu.gt\/index.php?rest_route=%2Fwp%2Fv2%2Fmedia&parent=676"}],"curies":[{"name":"wp","href":"https:\/\/api.w.org\/{rel}","templated":true}]}}