{"id":686,"date":"2014-10-10T17:31:53","date_gmt":"2014-10-10T17:31:53","guid":{"rendered":"https:\/\/auditoria.usac.edu.gt\/?page_id=686"},"modified":"2019-07-26T16:11:16","modified_gmt":"2019-07-26T16:11:16","slug":"leyes-generales","status":"publish","type":"page","link":"https:\/\/auditoria.usac.edu.gt\/?page_id=686","title":{"rendered":"Leyes Generales"},"content":{"rendered":"<p><a href=\"https:\/\/auditoria.usac.edu.gt\/wp-content\/uploads\/2014\/10\/Constitucion_Politica_de_la_Republica_de_Guatemala.pdf\">Constituci\u00f3n Pol\u00edtica de la Rep\u00fablica de Guatemala<\/a><\/p>\n<p><a href=\"https:\/\/auditoria.usac.edu.gt\/wp-content\/uploads\/2014\/10\/Articulo-c\u00f3digo-penal-y-el-funcionario-p\u00fablico.pdf\">Art\u00edculos c\u00f3digo penal y el funcionario p\u00fablico<\/a><\/p>\n<p><a style=\"line-height: 1.5;\" href=\"https:\/\/auditoria.usac.edu.gt\/wp-content\/uploads\/2014\/10\/Codigo-Civil-Prescripici\u00f3n.pdf\">Cogido Civil, Prescripci\u00f3n<\/a><\/p>\n<p><a href=\"https:\/\/auditoria.usac.edu.gt\/wp-content\/uploads\/2014\/10\/Codigo-de-Comercio-Articulos-importantes.pdf\">C\u00f3digo de Comercio Art\u00edculos importantes<\/a><\/p>\n<p><a href=\"https:\/\/auditoria.usac.edu.gt\/wp-content\/uploads\/2014\/10\/Codigo-Tributario-Concordado.pdf\">C\u00f3digo Tributario Concordado<\/a><\/p>\n<p><a href=\"https:\/\/auditoria.usac.edu.gt\/wp-content\/uploads\/2014\/10\/codigo-notariado-.pdf\">C\u00f3digo-notariado-<\/a><\/p>\n<p><a style=\"line-height: 1.5;\" href=\"https:\/\/auditoria.usac.edu.gt\/wp-content\/uploads\/2014\/10\/Ley-Antievasion-II-D-4-2012.pdf\">Ley Anti evasi\u00f3n \u00a0II D 4-2012<\/a><\/p>\n<p><a style=\"line-height: 1.5;\" href=\"https:\/\/auditoria.usac.edu.gt\/wp-content\/uploads\/2014\/10\/Ley-de-Impuesto-de-Solidaridad.pdf\">Ley de Impuesto de Solidaridad<\/a><\/p>\n<p><a style=\"line-height: 1.5;\" href=\"https:\/\/auditoria.usac.edu.gt\/wp-content\/uploads\/2014\/10\/Ley-de-lo-Contensioso-administrativo.pdf\">Ley de lo Contencioso administrativo<\/a><\/p>\n<p><a style=\"line-height: 1.5;\" href=\"https:\/\/auditoria.usac.edu.gt\/wp-content\/uploads\/2014\/10\/Ley-de-Probidad.pdf\">Ley de Probidad<\/a><\/p>\n<p><a style=\"line-height: 1.5;\" href=\"https:\/\/auditoria.usac.edu.gt\/wp-content\/uploads\/2014\/10\/Ley-de-servicio-civil.pdf\">Ley de servicio civil<\/a><\/p>\n<p><a style=\"line-height: 1.5;\" href=\"https:\/\/auditoria.usac.edu.gt\/wp-content\/uploads\/2014\/10\/Ley-del-Organismo-Judicial.pdf\">Ley del Organismo Judicial<\/a><\/p>\n<p><a style=\"line-height: 1.5;\" href=\"https:\/\/auditoria.usac.edu.gt\/wp-content\/uploads\/2014\/10\/Ley-Libre-Acceso-a-la-Informacion-Publica.pdf\">Ley Libre Acceso a la Informaci\u00f3n Publica<\/a><\/p>\n<p><a href=\"https:\/\/auditoria.usac.edu.gt\/wp-content\/uploads\/2014\/10\/DECRETO-47-2008-Ley-de-firmas-electronicas.pdf\">Decreto 47-2008 Ley de firmas electr\u00f3nicas<\/a><\/p>\n<p><a style=\"line-height: 1.5;\" href=\"https:\/\/auditoria.usac.edu.gt\/wp-content\/uploads\/2014\/10\/ACUERDO-135-2009-REgl.-firmas-electronicas.pdf\">Acuerdo 35-2009 Reglamento de firmas electr\u00f3nicas<\/a><\/p>\n<p><a style=\"line-height: 1.5;\" href=\"https:\/\/auditoria.usac.edu.gt\/wp-content\/uploads\/2014\/10\/Decreto_10-2012-Ley-de-Actualizaci\u00f2n-tributaria.pdf\">Decreto_10-2012 Ley de Actualizaci\u00f3n tributaria<\/a><\/p>\n<p><a style=\"line-height: 1.5;\" href=\"https:\/\/auditoria.usac.edu.gt\/wp-content\/uploads\/2014\/10\/DECRETO_N\u00daMERO_1-2013-Ley-de-regulaci\u00f2n-tributaria.pdf\">Decreto Numero_1-2013 Ley de regulaci\u00f3n tributaria<\/a><\/p>\n<p><a style=\"line-height: 1.5;\" href=\"https:\/\/auditoria.usac.edu.gt\/wp-content\/uploads\/2014\/10\/Ley-contra-la-corrucpion.pdf\">Ley contra la corrupci\u00f3n<\/a><\/p>\n<p><a style=\"line-height: 1.5;\" href=\"https:\/\/auditoria.usac.edu.gt\/wp-content\/uploads\/2014\/10\/Ley-del-timbre-Arquitectura.pdf\">Ley del timbre, Arquitectura<\/a><\/p>\n<p><a style=\"line-height: 1.5;\" href=\"https:\/\/auditoria.usac.edu.gt\/wp-content\/uploads\/2014\/10\/Ley-timbre-ingenieria.pdf\">Ley timbre ingenier\u00eda<\/a><\/p>\n<p><a style=\"line-height: 1.5;\" href=\"https:\/\/auditoria.usac.edu.gt\/wp-content\/uploads\/2014\/10\/Reglamento-timbre-CCEE.pdf\">Reglamento timbre CCEE<\/a><\/p>\n<p><a style=\"line-height: 1.5;\" href=\"https:\/\/auditoria.usac.edu.gt\/wp-content\/uploads\/2014\/10\/Timbre-CCEE.pdf\">Reglamento de la ley timbre CCEE<\/a><\/p>\n<p><a href=\"https:\/\/auditoria.usac.edu.gt\/wp-content\/uploads\/2014\/10\/Decreto-Ley-295-Organica-del-IGSS1.pdf\">Decreto Ley 295 Org\u00e1nica del IGSS<\/a><\/p>\n<p><a href=\"https:\/\/auditoria.usac.edu.gt\/wp-content\/uploads\/2014\/10\/Ley-de-Arbitraje.pdf\">Decreto 67-95 Ley de Arbitraje<\/a><\/p>\n<p><a href=\"https:\/\/auditoria.usac.edu.gt\/wp-content\/uploads\/2016\/01\/decreto9_081215.pdf\">Decreto 9-2015 Reformas a la Ley de Contrataciones del Estado<\/a><\/p>\n<p><a href=\"https:\/\/auditoria.usac.edu.gt\/wp-content\/uploads\/2014\/10\/AG-122-2016-Reglamento-Ley-Contrataciones-Estado.pdf\" rel=\"\">AG-122-2016-Reglamento-Ley-Contrataciones-Estado<\/a><\/p>\n<p><a href=\"https:\/\/auditoria.usac.edu.gt\/wp-content\/uploads\/2014\/10\/dto_38_92-Ley-de-Distribuci\u00f3n-al-Petroleo.pdf\" rel=\"\">Decreto 38-92 Ley de Distribuci\u00f3n al Petroleo<\/a><\/p>\n<p><a href=\"https:\/\/auditoria.usac.edu.gt\/wp-content\/uploads\/2014\/10\/AG-663-2015-Reglamento-de-la-Ley-distribuci\u00f3n-del-Petroleo.pdf\" rel=\"\">AG 663-2015 Reglamento de la Ley distribuci\u00f3n del Petroleo<\/a><\/p>\n<p><a href=\"https:\/\/auditoria.usac.edu.gt\/wp-content\/uploads\/2018\/10\/Decreto-18-2017-Reformas-al-c\u00f3digo-de-Comercio.pdf\">Decreto 18-2017 Reformas al c\u00f3digo de Comercio<\/a><\/p>\n<p><a href=\"https:\/\/auditoria.usac.edu.gt\/wp-content\/uploads\/2019\/07\/ACUERDO-GUBERNATIVO-96-2019.-Reglamento-de-la-Ley-Organica-de-la-CGC.pdf\">ACUERDO-GUBERNATIVO-96-2019. Reglamento de la Ley Org\u00e1nica de la CGC<\/a><\/p>\n","protected":false},"excerpt":{"rendered":"<p>Constituci\u00f3n Pol\u00edtica de la Rep\u00fablica de Guatemala Art\u00edculos c\u00f3digo penal y el funcionario p\u00fablico Cogido Civil, Prescripci\u00f3n C\u00f3digo de Comercio Art\u00edculos importantes C\u00f3digo Tributario Concordado C\u00f3digo-notariado- Ley Anti evasi\u00f3n \u00a0II D 4-2012 Ley de Impuesto de Solidaridad Ley de lo<\/p>\n","protected":false},"author":2,"featured_media":0,"parent":638,"menu_order":6,"comment_status":"open","ping_status":"open","template":"","meta":{"footnotes":""},"class_list":["post-686","page","type-page","status-publish","hentry"],"_links":{"self":[{"href":"https:\/\/auditoria.usac.edu.gt\/index.php?rest_route=\/wp\/v2\/pages\/686","targetHints":{"allow":["GET"]}}],"collection":[{"href":"https:\/\/auditoria.usac.edu.gt\/index.php?rest_route=\/wp\/v2\/pages"}],"about":[{"href":"https:\/\/auditoria.usac.edu.gt\/index.php?rest_route=\/wp\/v2\/types\/page"}],"author":[{"embeddable":true,"href":"https:\/\/auditoria.usac.edu.gt\/index.php?rest_route=\/wp\/v2\/users\/2"}],"replies":[{"embeddable":true,"href":"https:\/\/auditoria.usac.edu.gt\/index.php?rest_route=%2Fwp%2Fv2%2Fcomments&post=686"}],"version-history":[{"count":12,"href":"https:\/\/auditoria.usac.edu.gt\/index.php?rest_route=\/wp\/v2\/pages\/686\/revisions"}],"predecessor-version":[{"id":1941,"href":"https:\/\/auditoria.usac.edu.gt\/index.php?rest_route=\/wp\/v2\/pages\/686\/revisions\/1941"}],"up":[{"embeddable":true,"href":"https:\/\/auditoria.usac.edu.gt\/index.php?rest_route=\/wp\/v2\/pages\/638"}],"wp:attachment":[{"href":"https:\/\/auditoria.usac.edu.gt\/index.php?rest_route=%2Fwp%2Fv2%2Fmedia&parent=686"}],"curies":[{"name":"wp","href":"https:\/\/api.w.org\/{rel}","templated":true}]}}