{"id":730,"date":"2014-10-10T17:47:06","date_gmt":"2014-10-10T17:47:06","guid":{"rendered":"https:\/\/auditoria.usac.edu.gt\/?page_id=730"},"modified":"2019-07-26T16:55:20","modified_gmt":"2019-07-26T16:55:20","slug":"regulaciones-especiales","status":"publish","type":"page","link":"https:\/\/auditoria.usac.edu.gt\/?page_id=730","title":{"rendered":"Regulaciones especiales"},"content":{"rendered":"<p><a href=\"https:\/\/auditoria.usac.edu.gt\/wp-content\/uploads\/2019\/03\/Dto-1986-Ley-Fianzas-CHN.pdf\">Dto-1986-Ley-Fianzas-CHN<\/a><\/p>\n<p><a href=\"https:\/\/auditoria.usac.edu.gt\/wp-content\/uploads\/2014\/10\/30-2011-registro-consultores-ambientales1.pdf\">30-2011 registro consultores ambientales<\/a><\/p>\n<p><a href=\"https:\/\/auditoria.usac.edu.gt\/wp-content\/uploads\/2014\/10\/Decreto-121-96-Creaci\u00f2n-del-boleto-de-ornato1.pdf\">Creaci\u00f3n del boleto de ornato<\/a><\/p>\n<p><a href=\"https:\/\/auditoria.usac.edu.gt\/wp-content\/uploads\/2014\/10\/Decreto-2084-ubico-hojas-autorizadas1.pdf\">Decreto 2084 ubico hojas autorizadas<\/a><\/p>\n<p><a href=\"https:\/\/auditoria.usac.edu.gt\/wp-content\/uploads\/2014\/10\/Decreto-Ministerial-1199-2011-campus-patrimonio-de-la-nacion1.pdf\">Decreto Ministerial 1199-2011 campus patrimonio de la naci\u00f3n<\/a><\/p>\n<p><a href=\"https:\/\/auditoria.usac.edu.gt\/wp-content\/uploads\/2014\/10\/Dia-del-abogado1.pdf\">D\u00eda del abogado<\/a><a href=\"https:\/\/auditoria.usac.edu.gt\/wp-content\/uploads\/2014\/10\/Ley-contra-la-corrucpion1.pdf\"><br \/>\n<\/a><\/p>\n<p><a href=\"https:\/\/auditoria.usac.edu.gt\/wp-content\/uploads\/2014\/10\/DGRI-SAT-86-1993-oponi\u00f2n-sobre-pagos-a-examinadores-publicos-y-privados1.pdf\">DGRI SAT 86-1993 oponi\u00f2n sobre pagos a examinadores publicos y privados<\/a><\/p>\n<p><a href=\"https:\/\/auditoria.usac.edu.gt\/wp-content\/uploads\/2014\/10\/DNCAE-108-2007-Elaboraci\u00f2n-de-Dictamenes-T\u00e8cnico-y-Jur\u00ecdico1.pdf\">DNCAE 108-2007 Elaboraci\u00f3n de Dict\u00e1menes T\u00e9cnico y Jur\u00eddico<\/a><\/p>\n<p><a href=\"https:\/\/auditoria.usac.edu.gt\/wp-content\/uploads\/2014\/10\/IGSS-410-pago-de-subsidios1.pdf\">IGSS 410 pago de subsidios<\/a><\/p>\n<p><a href=\"https:\/\/auditoria.usac.edu.gt\/wp-content\/uploads\/2014\/10\/IGSS-467-1967-pago-de-subsidios-prestaciones-en-dinero1.pdf\">IGSS 467-1967 pago de subsidios prestaciones en dinero<\/a><\/p>\n<p><a href=\"https:\/\/auditoria.usac.edu.gt\/wp-content\/uploads\/2014\/10\/IGSS-1123-2003-Reglamento-de-inscripci\u00f2n-de-patronos1.pdf\">IGSS 1123-2003 Reglamento de inscripci\u00f3n de patronos<\/a><\/p>\n<p><a href=\"https:\/\/auditoria.usac.edu.gt\/wp-content\/uploads\/2014\/10\/IGSS-1156-2005-Prestaciones-en-Dinero1.pdf\">IGSS 1156-2005 Prestaciones en Dinero<\/a><\/p>\n<p><a href=\"https:\/\/auditoria.usac.edu.gt\/wp-content\/uploads\/2014\/10\/ONSC-99-DJ-2762-opini\u00f2n-sobre-cambio-de-horarios-por-traslape1.pdf\">ONSC 99 DJ 2762 opini\u00f2n sobre cambio de horarios por traslape<\/a><\/p>\n<p><a href=\"https:\/\/auditoria.usac.edu.gt\/wp-content\/uploads\/2014\/10\/Manual-de-clasificaciones-presupuestarias-para-el-sector-publico.pdf\">Manual de clasificaciones presupuestarias para el sector publico<\/a><\/p>\n<p><a href=\"https:\/\/auditoria.usac.edu.gt\/wp-content\/uploads\/2014\/10\/SAT-Consulta-sobre-constancias-de-Exenci\u00f3n-IVA.pdf\" rel=\"\">SAT Consulta sobre constancias de Exenci\u00f3n IVA<\/a><\/p>\n<p><a href=\"https:\/\/auditoria.usac.edu.gt\/wp-content\/uploads\/2014\/10\/FACTURA_ELECTRONICA_CONTRIBUYENTES_ESPECIALES2.pptx.pdf\" rel=\"\">Factura electr\u00f3nica \u00a0contribuyentes especiales<\/a><\/p>\n<p><a href=\"https:\/\/auditoria.usac.edu.gt\/wp-content\/uploads\/2019\/04\/Acuerdo-Ministerial-No-109-2019-Normas-de-Contabilidad-del-Sector-P\u00fablico.pdf\">Acuerdo Ministerial No 109-2019 Normas de Contabilidad del Sector P\u00fablico<\/a><\/p>\n<p><a href=\"http:\/\/www.minfin.gob.gt\/index.php\/programa-cultura-fiscal\/boletines-informativos-2013\/82-sala-de-prensa\/normas-internacionales-de-contabilidad\/1805-nicsp-normas-internacionales-de-contabilidad-para-el-sector-publico\">http:\/\/www.minfin.gob.gt\/index.php\/programa-cultura-fiscal\/boletines-informativos-2013\/82-sala-de-prensa\/normas-internacionales-de-contabilidad\/1805-nicsp-normas-internacionales-de-contabilidad-para-el-sector-publico<\/a><\/p>\n<p><a href=\"https:\/\/auditoria.usac.edu.gt\/wp-content\/uploads\/2019\/07\/Acuerdo-numero-346-reglamento-de-trabajadores-no-sujetos-a-jornada-de-trabajo.pdf\">Acuerdo numero 346 reglamento de trabajadores no sujetos a jornada de trabajo<\/a><\/p>\n<p><a href=\"https:\/\/auditoria.usac.edu.gt\/wp-content\/uploads\/2019\/07\/FACTURA-ELECTR\u00d3NICA-Y-EFECTOS-DEL-DECRETO-N\u00daMERO-4-2019.pdf\">FACTURA ELECTR\u00d3NICA Y EFECTOS DEL DECRETO N\u00daMERO 4-2019<\/a><\/p>\n<p><a href=\"https:\/\/auditoria.usac.edu.gt\/wp-content\/uploads\/2019\/07\/FEL-presentacion-publica-2018.pdf\">FEL-presentaci\u00f3n-publica-2018<\/a><\/p>\n<p><a href=\"https:\/\/auditoria.usac.edu.gt\/wp-content\/uploads\/2019\/07\/SAT-DSI-243-2019-factura-Electronica-en-linea.pdf\">SAT-DSI-243-2019 factura Electronica en linea<\/a><\/p>\n<p><a href=\"https:\/\/auditoria.usac.edu.gt\/wp-content\/uploads\/2019\/07\/REQUISITOS-DRON.pdf\">REQUISITOS-DRON<\/a><\/p>\n","protected":false},"excerpt":{"rendered":"<p>Dto-1986-Ley-Fianzas-CHN 30-2011 registro consultores ambientales Creaci\u00f3n del boleto de ornato Decreto 2084 ubico hojas autorizadas Decreto Ministerial 1199-2011 campus patrimonio de la naci\u00f3n D\u00eda del abogado DGRI SAT 86-1993 oponi\u00f2n sobre pagos a examinadores publicos y privados DNCAE 108-2007 Elaboraci\u00f3n<\/p>\n","protected":false},"author":2,"featured_media":0,"parent":638,"menu_order":7,"comment_status":"open","ping_status":"open","template":"","meta":{"footnotes":""},"class_list":["post-730","page","type-page","status-publish","hentry"],"_links":{"self":[{"href":"https:\/\/auditoria.usac.edu.gt\/index.php?rest_route=\/wp\/v2\/pages\/730","targetHints":{"allow":["GET"]}}],"collection":[{"href":"https:\/\/auditoria.usac.edu.gt\/index.php?rest_route=\/wp\/v2\/pages"}],"about":[{"href":"https:\/\/auditoria.usac.edu.gt\/index.php?rest_route=\/wp\/v2\/types\/page"}],"author":[{"embeddable":true,"href":"https:\/\/auditoria.usac.edu.gt\/index.php?rest_route=\/wp\/v2\/users\/2"}],"replies":[{"embeddable":true,"href":"https:\/\/auditoria.usac.edu.gt\/index.php?rest_route=%2Fwp%2Fv2%2Fcomments&post=730"}],"version-history":[{"count":11,"href":"https:\/\/auditoria.usac.edu.gt\/index.php?rest_route=\/wp\/v2\/pages\/730\/revisions"}],"predecessor-version":[{"id":1958,"href":"https:\/\/auditoria.usac.edu.gt\/index.php?rest_route=\/wp\/v2\/pages\/730\/revisions\/1958"}],"up":[{"embeddable":true,"href":"https:\/\/auditoria.usac.edu.gt\/index.php?rest_route=\/wp\/v2\/pages\/638"}],"wp:attachment":[{"href":"https:\/\/auditoria.usac.edu.gt\/index.php?rest_route=%2Fwp%2Fv2%2Fmedia&parent=730"}],"curies":[{"name":"wp","href":"https:\/\/api.w.org\/{rel}","templated":true}]}}