{"id":788,"date":"2014-10-10T19:03:27","date_gmt":"2014-10-10T19:03:27","guid":{"rendered":"https:\/\/auditoria.usac.edu.gt\/?page_id=788"},"modified":"2014-10-10T19:20:10","modified_gmt":"2014-10-10T19:20:10","slug":"historia","status":"publish","type":"page","link":"https:\/\/auditoria.usac.edu.gt\/?page_id=788","title":{"rendered":"HISTORIA"},"content":{"rendered":"<h5 style=\"text-align: center;\">HISTORIA<\/h5>\n<h5 style=\"text-align: justify;\">En abril de 1967, la Direcci\u00f3n General Financiera a cargo del Licenciado Ra\u00fal Navas Oliva, propuso al Honorable Consejo Superior Universitario, la reorganizaci\u00f3n del Departamento Financiero, dentro de cuya estructura form\u00f3 parte la Secci\u00f3n de Auditor\u00eda Interna, a cargo de un Jefe, un Sub Jefe y una Secretaria. A los pocos meses despu\u00e9s de aceptar la renuncia del Auditor, la Universidad dispuso suprimir este servicio profesional.<\/h5>\n<h5 style=\"text-align: justify;\">En octubre de 1967, despu\u00e9s de la renuncia presentada por el Auditor General, Perito Contador Luis Alberto Santos Chavarr\u00eda, el Contador Jos\u00e9 Julio Castellanos Mart\u00ednez, asumi\u00f3 dicho cargo e inform\u00f3 al Honorable Consejo Superior Universitario, la incongruencia desde el punto de vista t\u00e9cnico del Control Interno, que el \u00d3rgano fiscalizador de la Universidad dependiera de la Direcci\u00f3n del Departamento Financiero, quien a su vez depend\u00eda directamente de la Rector\u00eda.<\/h5>\n<h5 style=\"text-align: justify;\">En noviembre de 1967, la Rector\u00eda resolvi\u00f3 y el Honorable Consejo Superior Universitario acord\u00f3, que la Secci\u00f3n de Auditor\u00eda se convirtiera en Departamento al mismo nivel del Departamento Financiero, pero no dependiendo de la Rector\u00eda, sino directamente del Consejo Superior Universitario, (Acta No. 966 del 11-11-1967), lo cual se materializ\u00f3 con la aprobaci\u00f3n del Presupuesto del Departamento de Auditor\u00eda por parte del Consejo Superior Universitario, en enero de 1968.<\/h5>\n<h5 style=\"text-align: justify;\">Desde enero de 1968 hasta febrero de 1970, la administraci\u00f3n del Rector Licenciado Edmundo V\u00e1squez Mart\u00ednez con apoyo de la Direcci\u00f3n Financiera, autoriz\u00f3 en forma gradual el n\u00famero de diez (10) personas que integraban a esa fecha el Departamento de Auditor\u00eda Interna, de la siguiente forma: un (1) Auditor General, un (1) Sub-Jefe, seis (6) Auditores Auxiliares y dos (2) Secretarias.<\/h5>\n<h5 style=\"text-align: justify;\">En Junio de 1973, en el Punto Quinto del Acta No. 1204 del Honorable Consejo Superior Universitario, acord\u00f3: \u201cQue se reestudien por una comisi\u00f3n ad-hoc los objetivos y fines de una Auditor\u00eda Interna Asesora y no solo Fiscalizadora; este estudio tambi\u00e9n comprender\u00e1 la posibilidad de reestructura a esta dependencia universitaria y a la contrataci\u00f3n, por lo menos una vez al a\u00f1o, seg\u00fan lo que se considere conveniente, de Auditor\u00eda Externa\u201d<\/h5>\n<h5 style=\"text-align: justify;\">En el Acuerdo de Rector\u00eda No. 481-81 del 26 de junio de 1981, se acord\u00f3 descentralizar las funciones del Departamento de Auditor\u00eda Interna, en cuanto a la agilizaci\u00f3n y adecuaci\u00f3n a las Normas y Leyes de los tr\u00e1mites de documentos relacionados con n\u00f3minas, pagos de salarios, ingresos y transferencias, dentro de los t\u00e9rminos de la glosa previa. Asimismo, se acord\u00f3 que los Auditores delegados en distintas Facultades se rotar\u00e1n trimestralmente, de conformidad con el programa que para estos efectos elabore el Auditor General.<\/h5>\n<h5 style=\"text-align: justify;\">Seg\u00fan informaci\u00f3n proporcionada por personal de Auditor\u00eda Interna, las Coordinaciones principiaron a funcionar de oficio aproximadamente en 1982, como colaboraci\u00f3n con la Universidad, puesto que las plazas no estaban oficialmente reconocidas y por lo tanto, quienes las ocuparon ten\u00edan el mismo salario que un Auditor.<\/h5>\n<h5 style=\"text-align: justify;\">En Acuerdo de Rector\u00eda No. 50-83 del 18 de enero de 1983 se autoriz\u00f3 la Estructura Organizativa y Presupuestaria del Departamento de Auditor\u00eda, con la participaci\u00f3n de la Divisi\u00f3n de Administraci\u00f3n de Personal y el Departamento de Presupuesto. Derivado de dicho acuerdo y a pl\u00e1ticas sostenidas con el Se\u00f1or Rector de ese entonces, desde abril de 1983 se puso en pr\u00e1ctica el Sistema de Coordinaciones del Departamento de Auditor\u00eda y se nombraron de oficio a las personas que por su colaboraci\u00f3n, trayectoria, responsabilidad y experiencia pod\u00edan desempe\u00f1ar dichos cargos.<\/h5>\n<h5 style=\"text-align: justify;\">En enero de 1986, se modific\u00f3 la estructura organizativa, cuando a una de las plazas mencionadas se autoriz\u00f3 sueldo y categor\u00eda de \u201cSupervisor de Auditor\u00eda\u201d (ocupada por el Bachiller Hugo Roberto Mart\u00ednez Reyna). El 14 de agosto de 1987 el Se\u00f1or Rector Licenciado Roderico Segura Trujillo, autoriz\u00f3 al Auditor General, Licenciado Oscar Mauricio Gonz\u00e1lez Ju\u00e1rez, delegar funciones a los se\u00f1ores Coordinadores de \u00c1rea, que ven\u00edan fungiendo como tales desde 1983. Por tal raz\u00f3n, se solicit\u00f3 a la Divisi\u00f3n de Administraci\u00f3n de Personal la Reclasificaci\u00f3n de los puestos correspondientes y por medio de Dictamen No. DAPC 01-88 del 9 de mayo de 1988, resolvi\u00f3 declarar PROCEDENTE la Reclasificaci\u00f3n solicitada.<\/h5>\n<h5 style=\"text-align: justify;\">Se elimin\u00f3 la plaza \u00fanica de \u201cSupervisor de Auditor\u00eda\u201d, en virtud que el Consejo Superior Universitario aprob\u00f3 mediante inciso 1\u00ba. del Punto Segundo del Acta No. 3-88 de la sesi\u00f3n del 3 de febrero de 1988, el Proyecto de Reclasificaci\u00f3n de Puestos y Salarios de la Universidad de San Carlos de Guatemala y en cuyo contenido, en la categor\u00eda de JEFATURA T\u00c9CNICA A, se incluy\u00f3 el puesto identificado con el t\u00edtulo de Coordinador de \u00c1rea de Auditoria, el cual en lo sucesivo, ser\u00eda ocupado por auditores mediante concurso de oposici\u00f3n. Actualmente funcionan las Coordinaciones de \u00c1rea de Auditor\u00eda en la categor\u00eda de Direcci\u00f3n Ejecutiva \u201cC\u201d, siendo ocupadas por personal de confianza, a excepci\u00f3n de una de ellas, que a\u00fan es ocupada por oposici\u00f3n. Seg\u00fan Punto Segundo del Acta No. 18-2000 del Consejo Superior Universitario, se aprob\u00f3 la Reclasificaci\u00f3n de Puestos y Salarios vigente actualmente.<\/h5>\n<h5 style=\"text-align: justify;\">En Dictamen No. DDO-02-2003 del 17 de junio de 2003 y derivado del an\u00e1lisis, naturaleza y funciones del Departamento de Auditor\u00eda Interna, seg\u00fan criterios t\u00e9cnicos de Departamentalizaci\u00f3n, marco legal, estructura organizativa y estructura de puestos, la Divisi\u00f3n de Desarrollo Organizacional de la Universidad de San Carlos de Guatemala, DICTAMINA que la denominaci\u00f3n adecuada debe ser AUDITOR\u00cdA INTERNA y no DEPARTAMENTO DE AUDITOR\u00cdA INTERNA, debido fundamentalmente a que t\u00e9cnicamente esta dependencia no necesariamente debe situarse en la pir\u00e1mide organizacional del dise\u00f1o de la Universidad. Dicho dictamen de la DDO, fue ratificado por la Direcci\u00f3n de Asuntos Jur\u00eddicos, mediante Dictamen No. DAJ-10-2003 (03) del 14 de agosto de 2003, estando pendiente de ser ratificado y autorizado por el Consejo Superior Universitario.<\/h5>\n<h5 style=\"text-align: justify;\">En el a\u00f1o 2007 se crea la Sub Jefatura de Auditoria, como apoyo al Auditor General, a fin de desconcentrar funciones operativas y administrativas dentro del departamento de Auditoria Interna.<\/h5>\n<h5 style=\"text-align: justify;\">En marzo de 2008 se autoriza la coordinaci\u00f3n del \u00c1rea Financiera que tiene a su cargo el estudio y evaluaci\u00f3n de los Estados Financieros de la Universidad de San Carlos de Guatemala y del Plan de Prestaciones, as\u00ed como la revisi\u00f3n de los procedimientos de pago de prestaciones otorgadas por el plan de prestaciones.<\/h5>\n<h5 style=\"text-align: justify;\">El Auditor General, es nombrado por el Consejo Superior Universitario, de acuerdo a la literal i) del Art\u00edculo 11 del Estatuto de la Universidad de San Carlos de Guatemala; pero act\u00faa bajo la direcci\u00f3n del Se\u00f1or Rector, lo cual resulta contradictorio, dado que ser\u00eda m\u00e1s l\u00f3gico y razonable que se constituyera en Autoridad Nominadora de la Auditor\u00eda Interna y reflejarse de esta forma dentro del esquema organizacional.<\/h5>\n<h5 style=\"text-align: justify;\">La Auditor\u00eda Interna basa la ejecuci\u00f3n de sus intervenciones en el Art\u00edculo 131 del Estatuto de la Universidad de San Carlos de Guatemala, en las Normas de Auditor\u00eda Gubernamentales y Generalmente Aceptadas, as\u00ed como procedimientos y t\u00e9cnicas de revisi\u00f3n y verificaci\u00f3n de la aplicaci\u00f3n de la legislaci\u00f3n fiscal vigente en el pa\u00eds, pero principalmente la legislaci\u00f3n de la Universidad de San Carlos de Guatemala, como los Estatutos de la Universidad; Reglamento de Relaciones Laborales, parte Administrativa y parte Acad\u00e9mica y Normativo de Actuaci\u00f3n de Auditor\u00eda Interna, aprobado en el Acta No. 06-94 por el Consejo Superior Universitario, entre otros. Asimismo, la actuaci\u00f3n de la Auditor\u00eda Interna se basa en la supremac\u00eda de la Constituci\u00f3n Pol\u00edtica de la Rep\u00fablica de Guatemala, complementariamente con las leyes de observancia general, ejemplo: C\u00f3digo de Comercio, Ley del I.S.R, Ley del I.V.A., Ley de Servicio Civil, Ley de Probidad y Responsabilidades de Funcionarios y Empleados P\u00fablicos; Ley Org\u00e1nica del Presupuesto; Ley Org\u00e1nica de la Contralor\u00eda General de Cuentas y el C\u00f3digo Penal entre otras<\/h5>\n","protected":false},"excerpt":{"rendered":"<p>HISTORIA En abril de 1967, la Direcci\u00f3n General Financiera a cargo del Licenciado Ra\u00fal Navas Oliva, propuso al Honorable Consejo Superior Universitario, la reorganizaci\u00f3n del Departamento Financiero, dentro de cuya estructura form\u00f3 parte la Secci\u00f3n de Auditor\u00eda Interna, a cargo<\/p>\n","protected":false},"author":2,"featured_media":0,"parent":2,"menu_order":4,"comment_status":"open","ping_status":"open","template":"","meta":{"footnotes":""},"class_list":["post-788","page","type-page","status-publish","hentry"],"_links":{"self":[{"href":"https:\/\/auditoria.usac.edu.gt\/index.php?rest_route=\/wp\/v2\/pages\/788","targetHints":{"allow":["GET"]}}],"collection":[{"href":"https:\/\/auditoria.usac.edu.gt\/index.php?rest_route=\/wp\/v2\/pages"}],"about":[{"href":"https:\/\/auditoria.usac.edu.gt\/index.php?rest_route=\/wp\/v2\/types\/page"}],"author":[{"embeddable":true,"href":"https:\/\/auditoria.usac.edu.gt\/index.php?rest_route=\/wp\/v2\/users\/2"}],"replies":[{"embeddable":true,"href":"https:\/\/auditoria.usac.edu.gt\/index.php?rest_route=%2Fwp%2Fv2%2Fcomments&post=788"}],"version-history":[{"count":2,"href":"https:\/\/auditoria.usac.edu.gt\/index.php?rest_route=\/wp\/v2\/pages\/788\/revisions"}],"predecessor-version":[{"id":793,"href":"https:\/\/auditoria.usac.edu.gt\/index.php?rest_route=\/wp\/v2\/pages\/788\/revisions\/793"}],"up":[{"embeddable":true,"href":"https:\/\/auditoria.usac.edu.gt\/index.php?rest_route=\/wp\/v2\/pages\/2"}],"wp:attachment":[{"href":"https:\/\/auditoria.usac.edu.gt\/index.php?rest_route=%2Fwp%2Fv2%2Fmedia&parent=788"}],"curies":[{"name":"wp","href":"https:\/\/api.w.org\/{rel}","templated":true}]}}